{"id":51290,"date":"2024-07-10T18:09:54","date_gmt":"2024-07-10T16:09:54","guid":{"rendered":"https:\/\/fornells.immo\/aviso-legal\/"},"modified":"2024-08-09T17:47:33","modified_gmt":"2024-08-09T15:47:33","slug":"avis-legal","status":"publish","type":"page","link":"https:\/\/fornells.immo\/ca\/avis-legal\/","title":{"rendered":"Av\u00eds Legal"},"content":{"rendered":"\t\t<div data-elementor-type=\"wp-page\" data-elementor-id=\"51290\" class=\"elementor elementor-51290 elementor-50939\" data-elementor-post-type=\"page\">\n\t\t\t\t\t\t<section class=\"elementor-section elementor-top-section elementor-element elementor-element-6f46179 elementor-section-height-min-height elementor-section-boxed elementor-section-height-default elementor-section-items-middle\" data-id=\"6f46179\" data-element_type=\"section\">\n\t\t\t\t\t\t\t<div class=\"elementor-background-overlay\"><\/div>\n\t\t\t\t\t\t\t<div class=\"elementor-container elementor-column-gap-default\">\n\t\t\t\t\t<div class=\"elementor-column elementor-col-100 elementor-top-column elementor-element elementor-element-f7dd171\" data-id=\"f7dd171\" data-element_type=\"column\">\n\t\t\t<div class=\"elementor-widget-wrap elementor-element-populated\">\n\t\t\t\t\t\t\t<\/div>\n\t\t<\/div>\n\t\t\t\t\t<\/div>\n\t\t<\/section>\n\t\t\t\t<section class=\"elementor-section elementor-top-section elementor-element elementor-element-749a382 elementor-section-boxed elementor-section-height-default elementor-section-height-default\" data-id=\"749a382\" data-element_type=\"section\">\n\t\t\t\t\t\t<div class=\"elementor-container elementor-column-gap-default\">\n\t\t\t\t\t<div class=\"elementor-column elementor-col-100 elementor-top-column elementor-element elementor-element-da2279f\" data-id=\"da2279f\" data-element_type=\"column\">\n\t\t\t<div class=\"elementor-widget-wrap elementor-element-populated\">\n\t\t\t\t\t\t<div class=\"elementor-element elementor-element-d020e3a elementor-widget__width-initial elementor-widget elementor-widget-text-editor\" data-id=\"d020e3a\" data-element_type=\"widget\" data-widget_type=\"text-editor.default\">\n\t\t\t\t<div class=\"elementor-widget-container\">\n\t\t\t\t\t\t\t\t\t<h6><i style=\"font-size: 1rem; text-transform: inherit;\">\u00daltima actualizaci\u00f3: 10\/07\/2024<\/i><br><\/h6>\n<p><br>Per accedir als nostres serveis, declara que \u00e9s m\u00e9s gran i que t\u00e9 la capacitat legal suficient per utilitzar els nostres serveis, d&#8217;acord amb la seva llei nacional. L&#8217;acc\u00e9s i la navegaci\u00f3 al lloc web, o l&#8217;\u00fas dels seus serveis, impliquen l&#8217;acceptaci\u00f3 expressa i \u00edntegra de totes i cadascuna de les presents Av\u00eds Legal aix\u00ed com de les Pol\u00edtiques de Privadesa i de les Cookies, relacionades amb la normativa vigent en la mat\u00e8ria de protecci\u00f3 de dades personals. Si us plau, us recomanem que les llegiu amb atenci\u00f3 per saber quin tipus de dades es recullen a trav\u00e9s de la nostra Web, amb quines finalitats i quins drets relacionats amb aix\u00f2 us concerneixen.<\/p>\n<h2><br>1.- Informaci\u00f3 Legal<\/h2>\n<p>En compliment de la Llei 34\/2002, de 11 de juliol, de Serveis de la Societat de la Informaci\u00f3 i del Comer\u00e7 Electr\u00f2nic, les dades identificatives del titular del Portal Web FORNELLS.immo s\u00f3n:<\/p>\n<p><b>Ra\u00f3 social:<\/b> Francisco S\u00e1nchez Larrosa<br><b>NIF:<\/b> 33884551P<\/p>\n<p>Per a qualsevol dubte o consulta, podeu posar-vos en contacte amb nosaltres a trav\u00e9s de l&#8217;e-mail: info@fornells.immo<\/p>\n<p>L&#8217;acc\u00e9s a la web suposa l&#8217;acceptaci\u00f3 expressa de l&#8217;Usuari a les presents Condicions Generals d&#8217;\u00das, que podran ser modificades totalment o parcialment o substitu\u00efdes per altres, pel titular i en qualsevol moment sense av\u00eds previ. Us recomanem que accediu a les presents condicions de tant en tant per comprovar les vostres possibles modificacions, que es publicaran en el mateix apartat.<\/p>\n<h2 style=\"text-transform: none; width: 1120px;\"><br>2.- Condicions Generals d&#8217;\u00das<\/h2>\n<p>Les condicions generals seg\u00fcents regulen l&#8217;\u00fas i l&#8217;acc\u00e9s al portal web, la finalitat del qual \u00e9s establir pautes de bon \u00fas i comportament d&#8217;aquesta. El portal web FORNELLS.immo posa a disposici\u00f3 dels usuaris informaci\u00f3 sobre l&#8217;\u00fas, els serveis i els continguts que s&#8217;allotgen a la web. A trav\u00e9s d&#8217;aquesta, l&#8217;usuari t\u00e9 acc\u00e9s a informaci\u00f3 sobre productes i serveis espec\u00edfics, eines i aplicacions.<\/p>\n<p>L&#8217;Usuari es compromet a fer un \u00fas adequat dels continguts, serveis, aplicacions i eines que estan accessibles, amb subjecci\u00f3 a la Llei ia les presents Condicions Generals d&#8217;\u00das i, si escau, a les Condicions Particulars que es puguin establir per a l&#8217;acc\u00e9s a determinats serveis i aplicacions, respectant en tot moment els altres usuaris de la mateixa.<\/p>\n<p>En cas d&#8217;incompliment total i\/o parcial per l&#8217;usuari de les presents condicions generals d&#8217;\u00fas, FORNELLS.immo es reserva el dret de denegar l&#8217;acc\u00e9s a la web, sense necessitat d&#8217;av\u00eds previ a l&#8217;usuari.<\/p>\n<h2 style=\"text-transform: none; width: 1120px;\"><br>3.- Obligacions de l&#8217;usuari<br><br><\/h2>\n<p>L&#8217;usuari, en acceptar les presents condicions generals d&#8217;\u00fas, s&#8217;obliga expressament a:<\/p>\n<p>&#8211; No realitzar cap acci\u00f3 destinada a perjudicar, bloquejar, danyar, inutilitzar, sobrecarregar, de manera temporal o definitiva, les funcionalitats, eines, continguts i\/o la infraestructura de la p\u00e0gina web, de manera que n&#8217;impedeixi la utilitzaci\u00f3 normal.<\/p>\n<p>&#8211; Custodiar i mantenir la confidencialitat de les claus d&#8217;acc\u00e9s associades al nom d&#8217;usuari, i \u00e9s responsable de la utilitzaci\u00f3 d&#8217;aquestes claus d&#8217;acc\u00e9s personals i intransferibles per part de tercers.<\/p>\n<p>&#8211; No introduir ni fer continguts injuriosos o calumniosos, tant d&#8217;altres usuaris com de terceres empreses alienes a FORNELLS.immo.<\/p>\n<p>&#8211; No utilitzar qualsevol dels materials i informacions continguts en aquest Lloc Web amb fins il\u00b7l\u00edcits i\/o expressament prohibits en les presents Condicions Generals d&#8217;\u00das, aix\u00ed com a les condicions particulars que, si escau, s&#8217;estableixin per a determinades aplicacions i\/o utilitats i que resultin contraris als drets i interessos de FORNELLS.immo, els seus usuaris i\/o tercers.<\/p>\n<p>&#8211; No oferir ni distribuir productes i serveis, ni realitzar publicitat o comunicacions comercials no sol\u00b7licitades a altres usuaris i visitants de FORNELL.immo.<\/p>\n<p>&#8211; L&#8217;Usuari respondr\u00e0 dels tots els danys i perjudicis de qualsevol naturalesa que FORNELLS.immo o qualsevol tercer pugui patir com a conseq\u00fc\u00e8ncia de l&#8217;incompliment de qualsevol de les obligacions a qu\u00e8 queda sotm\u00e8s per virtut d&#8217;aquestes Condicions Generals d&#8217;\u00das o de la llei en relaci\u00f3 amb lacc\u00e9s i\/o utilitzaci\u00f3 de la p\u00e0gina.<br><br><\/p>\n<h2 style=\"text-transform: none; width: 1120px;\"><br>4.- Propietat intel\u00b7lectual i industrial<\/h2>\n<p>El lloc web, les p\u00e0gines que compr\u00e8n i la informaci\u00f3 o elements continguts en aquestes (incloent-hi textos, documents, fotografies, dibuixos, representacions gr\u00e0fiques, dels quals \u00e9s titular o dels que siguin titulars tercers que autoritzen el propietari a la seva utilitzaci\u00f3, entre d&#8217;altres), aix\u00ed com logotips, marques, noms comercials o altres signes distintius, es troben protegits per drets de propietat intel\u00b7lectual i\/o industrial, dels quals FORNELLS.immo \u00e9s titular u ostenta autoritzaci\u00f3 per a la seva utilitzaci\u00f3 i comunicaci\u00f3 p\u00fablica dels leg\u00edtims titulars de les mateixes.<\/p>\n<p>L&#8217;Usuari s&#8217;obliga a fer servir els continguts de manera diligent i correcta, d&#8217;acord amb la llei, la moral i l&#8217;ordre p\u00fablic. FORNELLS.immo autoritza l&#8217;Usuari per visualitzar la informaci\u00f3 que cont\u00e9 aquest lloc web, aix\u00ed com per fer reproduccions privades (simple activitat de desc\u00e0rrega i emmagatzematge en els seus sistemes inform\u00e0tics), sempre que els elements siguin destinats \u00fanicament a l&#8217;\u00fas personal. En cap cas, aix\u00f2 significar\u00e0 una autoritzaci\u00f3 o llic\u00e8ncia sobre els drets de propietat de FORNELLS.immo o dels leg\u00edtims titulars de les mateixes.<\/p>\n<p>L&#8217;Usuari no est\u00e0 autoritzat per procedir a la distribuci\u00f3, modificaci\u00f3, cessi\u00f3 o comunicaci\u00f3 p\u00fablica de la informaci\u00f3 continguda en aquesta Web en qualsevol forma i qualsevol que sigui la seva finalitat.<\/p>\n<h2 style=\"text-transform: none; width: 1120px;\"><br>5.- Enlla\u00e7os<\/h2>\n<p>Les connexions i enlla\u00e7os a llocs o p\u00e0gines web de tercers s&#8217;han establert \u00fanicament com a utilitat per a l&#8217;usuari. FORNELLS.immo no \u00e9s, en cap cas, responsable de les mateixes o del contingut.<\/p>\n<p>FORNELLS.immo no assumeix cap responsabilitat derivada de l\u201fexist\u00e8ncia d\u201fenlla\u00e7os entre els continguts d\u201faquest lloc i continguts situats fora del mateix o de qualsevol altra menci\u00f3 de continguts externs a aquest lloc. Aquests enlla\u00e7os o mencions tenen una finalitat exclusivament informativa i, en cap cas, impliquen el suport, aprovaci\u00f3, comercialitzaci\u00f3 o cap relaci\u00f3 entre FORNELLS.immo i les persones o entitats autores i\/o gestores de tals continguts o titulars dels llocs on es trobin .<\/p>\n<p>Per fer enlla\u00e7os amb la p\u00e0gina web ser\u00e0 necess\u00e0ria lautoritzaci\u00f3 expressa i per escrit dels titulars del portal.<\/p>\n<p><br><\/p>\n<h2 style=\"text-transform: none; width: 1120px;\">6.- Responsabilitat<\/h2>\n<p>FORNELLS.immo no garanteix l&#8217;acc\u00e9s continuat, ni la correcta visualitzaci\u00f3, desc\u00e0rrega o utilitat dels elements i informaci\u00f3 continguts a les p\u00e0gines del portal que es poden veure impedits, dificultats o interromputs per factors o circumst\u00e0ncies fora del seu control o alienes a la seva voluntat, ni d&#8217;aquells que siguin produ\u00efts per l&#8217;exist\u00e8ncia de virus inform\u00e0tics a Internet.<\/p>\n<p>FORNELL.immo no assumeix cap responsabilitat pels danys, perjudicis, p\u00e8rdues, reclamacions o despeses, produ\u00efts per:<\/p>\n<p>(i) Interfer\u00e8ncies, interrupcions, fallades, omissions, retards, bloquejos o desconnexions, motivades per errors a les l\u00ednies i xarxes de telecomunicacions o per qualsevol altra causa aliena al control de FORNELLS.immo.<\/p>\n<p>(ii) Intromissions il\u00b7leg\u00edtimes mitjan\u00e7ant l&#8217;\u00fas de programes malignes de qualsevol tipus ia trav\u00e9s de qualsevol mitj\u00e0 de comunicaci\u00f3, com ara virus inform\u00e0tics o qualssevol altres;<\/p>\n<p>(iii) \u00das indegut o inadequat de la p\u00e0gina web de FORNELLS.immo<\/p>\n<p>(iv) Errors de seguretat o navegaci\u00f3 produ\u00efts per un mal funcionament del navegador o per l\u00fas de versions no actualitzades.<\/p>\n<p>FORNELLS.immo no \u00e9s responsable ni en cap cas respondr\u00e0 davant dels usuaris i\/o tercers els actes de qualsevol persona aliena a FORNELLS.immo que comporti o pugui suposar la realitzaci\u00f3 d&#8217;actes de compet\u00e8ncia deslleial i publicitat il\u00b7l\u00edcita o la infracci\u00f3 dels drets de propietat intel\u00b7lectual i industrial, dels secrets empresarials, de compromisos contractuals de qualsevol classe, dels drets a l&#8217;honor, a la intimitat personal i familiar ia la imatge, dels drets de propietat i de tota altra naturalesa pertanyents a un tercer per ra\u00f3 de la transmissi\u00f3, difusi\u00f3, emmagatzematge, posada a disposici\u00f3, recepci\u00f3, obtenci\u00f3 o acc\u00e9s als continguts.<\/p>\n<p><br><\/p>\n<h2 style=\"text-transform: none; width: 1120px;\">7.- Protecci\u00f3 de dades de car\u00e0cter personal<\/h2>\n<p>Tota la pol\u00edtica de tractament de dades personals la trobar\u00e0s a la Pol\u00edtica de Privadesa, que forma part integrant d&#8217;aquestes Condicions Generals per\u00f2 que, per simplicitat, hem posat en un document a part: Pol\u00edtica de Privadesa.<br><br><\/p>\n<h2 style=\"text-transform: none; width: 1120px;\">8.- Legislaci\u00f3<\/h2>\n<p>Aquest Av\u00eds Legal i els seus termes i condicions es regiran i interpretaran dacord amb la Legislaci\u00f3 Espanyola. L&#8217;usuari, pel sol fet d&#8217;accedir a la p\u00e0gina web o obtenir la condici\u00f3 d&#8217;usuari registrat, atorga, de forma irrevocable, el seu consentiment que els tribunals competents per defecte puguin con\u00e8ixer qualsevol acci\u00f3 judicial derivada o relacionada amb aquestes condicions, o amb el seu \u00fas d&#8217;aquest Lloc o la navegaci\u00f3 realitzada pel mateix Lloc.<\/p><p><br><\/p>\t\t\t\t\t\t\t\t<\/div>\n\t\t\t\t<\/div>\n\t\t\t\t\t<\/div>\n\t\t<\/div>\n\t\t\t\t\t<\/div>\n\t\t<\/section>\n\t\t\t\t<\/div>\n\t\t","protected":false},"excerpt":{"rendered":"<p>\u00daltima actualizaci\u00f3: 10\/07\/2024 Per accedir als nostres serveis, declara que \u00e9s m\u00e9s gran i que t\u00e9 la capacitat legal suficient per utilitzar els nostres serveis, d&#8217;acord amb la seva llei nacional. L&#8217;acc\u00e9s i la navegaci\u00f3 al lloc web, o l&#8217;\u00fas dels seus serveis, impliquen l&#8217;acceptaci\u00f3 expressa i \u00edntegra de totes i cadascuna de les presents [&hellip;]<\/p>\n","protected":false},"author":1,"featured_media":0,"parent":0,"menu_order":0,"comment_status":"closed","ping_status":"closed","template":"","meta":{"footnotes":""},"class_list":["post-51290","page","type-page","status-publish","hentry"],"_links":{"self":[{"href":"https:\/\/fornells.immo\/ca\/wp-json\/wp\/v2\/pages\/51290","targetHints":{"allow":["GET"]}}],"collection":[{"href":"https:\/\/fornells.immo\/ca\/wp-json\/wp\/v2\/pages"}],"about":[{"href":"https:\/\/fornells.immo\/ca\/wp-json\/wp\/v2\/types\/page"}],"author":[{"embeddable":true,"href":"https:\/\/fornells.immo\/ca\/wp-json\/wp\/v2\/users\/1"}],"replies":[{"embeddable":true,"href":"https:\/\/fornells.immo\/ca\/wp-json\/wp\/v2\/comments?post=51290"}],"version-history":[{"count":13,"href":"https:\/\/fornells.immo\/ca\/wp-json\/wp\/v2\/pages\/51290\/revisions"}],"predecessor-version":[{"id":52543,"href":"https:\/\/fornells.immo\/ca\/wp-json\/wp\/v2\/pages\/51290\/revisions\/52543"}],"wp:attachment":[{"href":"https:\/\/fornells.immo\/ca\/wp-json\/wp\/v2\/media?parent=51290"}],"curies":[{"name":"wp","href":"https:\/\/api.w.org\/{rel}","templated":true}]}}