{"id":51319,"date":"2024-07-10T19:31:10","date_gmt":"2024-07-10T17:31:10","guid":{"rendered":"https:\/\/fornells.immo\/?page_id=51319"},"modified":"2024-08-09T17:48:13","modified_gmt":"2024-08-09T15:48:13","slug":"politica-de-privacitat","status":"publish","type":"page","link":"https:\/\/fornells.immo\/ca\/politica-de-privacitat\/","title":{"rendered":"Pol\u00edtica de Privacitat"},"content":{"rendered":"\t\t<div data-elementor-type=\"wp-page\" data-elementor-id=\"51319\" class=\"elementor elementor-51319 elementor-50948\" data-elementor-post-type=\"page\">\n\t\t\t\t\t\t<section class=\"elementor-section elementor-top-section elementor-element elementor-element-6f46179 elementor-section-height-min-height elementor-section-boxed elementor-section-height-default elementor-section-items-middle\" data-id=\"6f46179\" data-element_type=\"section\">\n\t\t\t\t\t\t\t<div class=\"elementor-background-overlay\"><\/div>\n\t\t\t\t\t\t\t<div class=\"elementor-container elementor-column-gap-default\">\n\t\t\t\t\t<div class=\"elementor-column elementor-col-100 elementor-top-column elementor-element elementor-element-f7dd171\" data-id=\"f7dd171\" data-element_type=\"column\">\n\t\t\t<div class=\"elementor-widget-wrap elementor-element-populated\">\n\t\t\t\t\t\t\t<\/div>\n\t\t<\/div>\n\t\t\t\t\t<\/div>\n\t\t<\/section>\n\t\t\t\t<section class=\"elementor-section elementor-top-section elementor-element elementor-element-749a382 elementor-section-boxed elementor-section-height-default elementor-section-height-default\" data-id=\"749a382\" data-element_type=\"section\">\n\t\t\t\t\t\t<div class=\"elementor-container elementor-column-gap-default\">\n\t\t\t\t\t<div class=\"elementor-column elementor-col-100 elementor-top-column elementor-element elementor-element-da2279f\" data-id=\"da2279f\" data-element_type=\"column\">\n\t\t\t<div class=\"elementor-widget-wrap elementor-element-populated\">\n\t\t\t\t\t\t<div class=\"elementor-element elementor-element-d020e3a elementor-widget__width-initial elementor-widget elementor-widget-text-editor\" data-id=\"d020e3a\" data-element_type=\"widget\" data-widget_type=\"text-editor.default\">\n\t\t\t\t<div class=\"elementor-widget-container\">\n\t\t\t\t\t\t\t\t\t<h6><i style=\"font-size: 1rem; text-transform: inherit;\"><br><\/i><\/h6>\n<h6><i style=\"font-size: 1rem; text-transform: inherit;\">\u00daltima actualizaci\u00f3: 10\/07\/2024<\/i><br><\/h6>\n<h6><i style=\"font-size: 1rem; text-transform: inherit;\"><br><\/i><\/h6>\n<p>Les dades personals s\u00f3n certa informaci\u00f3 d&#8217;una persona f\u00edsica que permeten identificar-la d&#8217;alguna manera, localitzar-la per algun mitj\u00e0 o posar-s&#8217;hi en contacte. Per exemple, el nom, el document d&#8217;identitat, el tel\u00e8fon o el correu electr\u00f2nic s\u00f3n dades personals. La llei obliga aquells que usin aquest tipus de dades a prendre certes mesures per protegir-los. En aquesta declaraci\u00f3 de privadesa t&#8217;expliquem com FORNELLS.immo protegeix i garanteix la seguretat de les teves dades personals.<\/p>\n<p>Principis en qu\u00e8 basem l&#8217;\u00fas de dades a FORNELLS.immo<\/p>\n<p>1- FORNELLS.immo no comercialitza, ni comercialitzar\u00e0, en cap cas les dades recollides a trav\u00e9s de la nostra p\u00e0gina web.<\/p>\n<p>2- FORNELLS.immo no intercanvia dades amb cap organitzaci\u00f3 amb \u00e0nim de lucre o sense.<\/p>\n<p>3- FORNELLS,immo posa tots els mitjans disponibles al seu abast perqu\u00e8 les dades recollides estiguin segures<\/p>\n<p>4- L&#8217;\u00fas de les dades d&#8217;aquelles persones que ens les faciliten \u00e9s oferir-vos els productes i serveis relacionats amb l&#8217;activitat d&#8217;un agent immobiliari que b\u00e0sicament consistir\u00e0 a oferir a la persona que facilita les vostres dades informaci\u00f3 sobre immobles a la venda, assessorament sobre el proc\u00e9s de compravenda, assessorament sobre les q\u00fcestions legals i financeres relacionades amb el proc\u00e9s de compravenda, informaci\u00f3 sobre els nostres productes i serveis i les seves condicions, oferir-los efectivament els serveis que ens contractin, comunicar-nos-hi, publicar els seus immobles, crear contractes , etc.<\/p>\n<p><br><\/p>\n<h2>Qui \u00e9s el responsable del tractament de les teves dades personals?<\/h2>\n<div><br><\/div>\n<p>El responsable \u00e9s: Francisco S\u00e1nchez Larrosa amb DNI 33884551P<\/p>\n<p>En cas de dubte o consulta sobre qualsevol aspecte sobre privadesa pots comunicar-ho a l&#8217;adre\u00e7a electr\u00f2nica info@fornells.immo<\/p>\n<p>Si no esteu d&#8217;acord amb aquesta declaraci\u00f3 de privadesa, si us plau, no ens deixeu les vostres dades.<\/p>\n<p><br><\/p>\n<h2 style=\"text-transform: none; width: 1120px;\">Com hem obtingut les dades de car\u00e0cter personal?<\/h2>\n<p>Les teves dades de car\u00e0cter personal han estat obtingudes a trav\u00e9s del portal web FORNELLS.immo, o amb motiu de les relacions que mantens actualment amb nosaltres o b\u00e9 per haver sol\u00b7licitat que et remetem informaci\u00f3 mitjan\u00e7ant els formularis de la nostra web o formularis dels portals on emplacem anuncis de propietats.<br><\/p>\n<p><br><\/p>\n<h2>Quines dades personals tractem?<\/h2>\n<p>Depenent de la naturalesa de la nostra relaci\u00f3 amb tu, tractarem dades en major o menor mesura, i aquestes s\u00f3n necess\u00e0ries, adequades i pertinents en tot cas, d&#8217;acord amb la finalitat perseguida.<\/p>\n<p>A la p\u00e0gina web FORNELLS.immo hi ha tres formularis que recullen dades de car\u00e0cter personal:<\/p>\n<p><br><\/p>\n<h2>1-&nbsp;<b> <\/b>Formulari de contacte<\/h2>\n<p>La finalitat de la recollida de dades personals al formulari de contacte \u00e9s exclusivament donar resposta als assumptes que ens planteges. Per aix\u00f2 necessitem que ens facilitis el teu nom, cognoms i adre\u00e7a de correu electr\u00f2nic. En emplenar el formulari no s&#8217;ha d&#8217;introduir cap altra dada personal a l&#8217;assumpte.<br><br><\/p>\n<h2>2- Formulari Contacta Ara.<\/h2>\n<p>La finalitat de la recollida i el tractament d&#8217;aquestes dades \u00e9s oferir-te informaci\u00f3 sobre propietats en venda del teu inter\u00e8s. Per aix\u00f2 necessitem que ens facilitis el teu nom, tel\u00e8fon i adre\u00e7a de correu electr\u00f2nic.<br><br><\/p>\n<h2>3- Formulari Comprar una casa a Menorca<\/h2>\n<p>La finalitat de la recollida i el tractament d&#8217;aquestes dades \u00e9s oferir-te informaci\u00f3 sobre propietats en venda del teu inter\u00e8s. Per aix\u00f2 necessitem que ens facilitis el teu nom, tel\u00e8fon i adre\u00e7a de correu electr\u00f2nic.<\/p>\n<p><br><\/p>\n<h2 style=\"text-transform: none; width: 1120px;\">4- Formulari vendre la teva casa amb FORNELLS.immo<\/h2>\n<p>La finalitat de la recollida i tractament d&#8217;aquestes dades \u00e9s oferir-te els nostres productes i serveis per ajudar-te a vendre casa teva<\/p>\n<p><br><\/p>\n<p>Tamb\u00e9 t&#8217;informem que tractarem aquelles dades addicionals que volunt\u00e0riament ens facilitis durant les futures relacions i interaccions que mantinguis amb FORNELLS.immo, incloses les que ens aportis mitjan\u00e7ant una xarxa social o una altra aplicaci\u00f3. Aquestes dades depenen de la teva pr\u00f2pia configuraci\u00f3 de privadesa, \u00fas de la xarxa social o aplicaci\u00f3, aix\u00ed com de les pol\u00edtiques de privadesa pr\u00f2pies de cada xarxa social o aplicaci\u00f3, per la qual cosa et recomanem llegir-les amb atenci\u00f3 abans de facilitar-nos dades a trav\u00e9s de aquestes xarxes socials o aplicacions.<\/p>\n<p>A m\u00e9s, en navegar per la nostra web podem tractar el teu IP, quin sistema operatiu o navegador fas servir, i fins i tot la durada de la teva visita, per\u00f2 sempre de forma an\u00f2nima, amb la finalitat de realitzar an\u00e0lisis i millores a la Web, aix\u00ed com per millorar la nostra estrat\u00e8gia comercial.<\/p>\n<p><br><\/p>\n<h2>Per qu\u00e8 tractem les teves dades personals?<\/h2>\n<p>1- Enviar informaci\u00f3 sobre els nostres productes i serveis que puguin ser del teu inter\u00e8s via correu postal, e-mail, en base al teu consentiment oa la nostra relaci\u00f3 amb tu<\/p>\n<p>2- Donar resposta a les peticions d&#8217;informaci\u00f3 sol\u00b7licitades<\/p>\n<p>3- Promoure i gestionar la relaci\u00f3 de FORNELLS.immo amb tu<\/p>\n<p>4- Realitzaci\u00f3 d&#8217;enquestes de satisfacci\u00f3.<\/p>\n<p><br><\/p>\n<h2>Quan i per quin motiu podem facilitar les dades a tercers?<\/h2>\n<p>No vendrem mai, llogarem o cedirem les teves dades personals, per\u00f2 aquestes podran ser facilitades als destinataris que s&#8217;indiquen a continuaci\u00f3, pels motius que a continuaci\u00f3 s&#8217;expliquen:<\/p>\n<p>&#8211; Administracions p\u00fabliques: per al compliment de les obligacions legals a qu\u00e8 FORNELLS.immo est\u00e0 subjecta per la seva activitat.<\/p>\n<p>&#8211; Prove\u00efdors que necessitin accedir a les teves dades per a la prestaci\u00f3 de serveis que FORNELLS.immo hagi contractat amb aquells, i amb els quals FORNELLS.immo t\u00e9 subscrits els contractes de confidencialitat i de tractament de dades personals necess\u00e0ries i exigides per la normativa per protegir-ne el privadesa.<\/p>\n<p>Si en el futur FORNELLS.immo fes altres cessions de dades personals, t&#8217;informar\u00e0 oportunament i en cas que sigui necessari sol\u00b7licitar\u00e0 el teu consentiment.<\/p>\n<p><br><\/p>\n<h2>Realitzem transfer\u00e8ncies internacionals de dades?<\/h2>\n<p>Els prove\u00efdors que utilitzem per oferir-te els nostres serveis estan ubicats a Europa. Fem \u00fas dels serveis de Google (Gmail, Google Drive) que t\u00e9 repartits els seus servidors dins i fora de la UE, per la qual cosa es considera que en aquest cas s\u00ed que hi ha transfer\u00e8ncia de dades internacionals. La Pol\u00edtica de Privadesa de Google la pots obtenir aqu\u00ed: HTTPS:\/\/POLICIES.GOOGLE.COM\/PRIVACY?HL=CA<br><br><\/p>\n<h2><span style=\"font-family: Anaheim;\"><b>Durant quant de temps guardarem les teves dades?<\/b><\/span><br><\/h2>\n<p>Les teves dades personals es conservaran mentre es mantingui la teva relaci\u00f3 amb FORNELLS.immo, i fins i tot despr\u00e9s de la finalitzaci\u00f3 de la relaci\u00f3 esmentada per qualsevol causa durant els terminis de prescripci\u00f3 legals que siguin aplicables, si no ens comuniques el contrari. En aquest sup\u00f2sit, es tractaran a efectes dacreditar el compliment de les nostres obligacions legals i\/o contractuals. Conservarem la teva informaci\u00f3 personal el temps necessari o perm\u00e8s en atenci\u00f3 a les finalitats per a les quals s&#8217;hagi obtingut. Els criteris emprats per determinar els terminis de conservaci\u00f3 inclouen les nostres obligacions legals, necessitats estad\u00edstiques o el fet que la conservaci\u00f3 sigui o no aconsellable en funci\u00f3 de la nostra postura jur\u00eddica.<\/p>\n<p><br><\/p>\n<h2>Si ets menor de 18 anys<\/h2>\n<p>Si ets menor d&#8217;edat i fas servir algun dels nostres llocs web si us plau, no ens envi\u00efs cap dada personal teva ni de la teva fam\u00edlia sense pr\u00e8via autoritzaci\u00f3 dels teus pares o tutors. Si tens algun dubte, demana als teus pares o tutors que es posin en contacte amb nosaltres a: info@FORNELLS.immo<br><\/p>\n<p><br><\/p>\n<h2>Quins s\u00f3n els teus drets?<\/h2>\n<p>Podeu exercitar els vostres drets d&#8217;acc\u00e9s, rectificaci\u00f3, supressi\u00f3 i portabilitat, limitaci\u00f3 i\/o oposici\u00f3 al tractament, a trav\u00e9s de l&#8217;adre\u00e7a electr\u00f2nica info@fornells.immo. Aix\u00f2 vol dir que tens dret a:<\/p><p>\u2013 A saber, si estem tractant les dades o no.<\/p><p>\u2013 A accedir a les vostres dades personals.<\/p><p>\u2013 A sol\u00b7licitar la rectificaci\u00f3 de les teves dades si s\u00f3n inexactes.<\/p><p>\u2013 A sol\u00b7licitar la supressi\u00f3 de les teves dades si ja no s\u00f3n necess\u00e0ries per a les finalitats per a les quals van ser recollides o si ens retires el consentiment atorgat.<\/p><p>\u2013 A sol\u00b7licitar la limitaci\u00f3 del tractament de les teves dades, en alguns sup\u00f2sits, cas en qu\u00e8 nom\u00e9s les conservarem d&#8217;acord amb la normativa vigent.<\/p><p>\u2013 A remetre&#8217;t les dades que guardem sobre tu a FORNELLS.immo en un format estructurat, d&#8217;\u00fas com\u00fa o de lectura mec\u00e0nica.<\/p><p>\u2013 A revocar el consentiment per a qualsevol tractament per al qual hagis consentit, en qualsevol moment.<\/p><p><br><\/p><p>Aix\u00ed mateix, si consideres que el tractament de les teves dades personals vulnera la normativa o els teus drets de privadesa, pots presentar una reclamaci\u00f3:<\/p><p>Per a m\u00e9s informaci\u00f3 sobre les garanties a la teva privadesa, pots adre\u00e7ar-te a FORNELLS.immo a trav\u00e9s d&#8217;info@fornells.immo<\/p><p>Davant l&#8217;Ag\u00e8ncia Espanyola de Protecci\u00f3 de Dades, a trav\u00e9s de la seu electr\u00f2nica, o de la seva adre\u00e7a postal.<\/p>\n<p><br><\/p>\t\t\t\t\t\t\t\t<\/div>\n\t\t\t\t<\/div>\n\t\t\t\t\t<\/div>\n\t\t<\/div>\n\t\t\t\t\t<\/div>\n\t\t<\/section>\n\t\t\t\t<\/div>\n\t\t","protected":false},"excerpt":{"rendered":"<p>\u00daltima actualizaci\u00f3: 10\/07\/2024 Les dades personals s\u00f3n certa informaci\u00f3 d&#8217;una persona f\u00edsica que permeten identificar-la d&#8217;alguna manera, localitzar-la per algun mitj\u00e0 o posar-s&#8217;hi en contacte. Per exemple, el nom, el document d&#8217;identitat, el tel\u00e8fon o el correu electr\u00f2nic s\u00f3n dades personals. La llei obliga aquells que usin aquest tipus de dades a prendre certes mesures [&hellip;]<\/p>\n","protected":false},"author":1,"featured_media":0,"parent":0,"menu_order":0,"comment_status":"closed","ping_status":"closed","template":"","meta":{"footnotes":""},"class_list":["post-51319","page","type-page","status-publish","hentry"],"_links":{"self":[{"href":"https:\/\/fornells.immo\/ca\/wp-json\/wp\/v2\/pages\/51319","targetHints":{"allow":["GET"]}}],"collection":[{"href":"https:\/\/fornells.immo\/ca\/wp-json\/wp\/v2\/pages"}],"about":[{"href":"https:\/\/fornells.immo\/ca\/wp-json\/wp\/v2\/types\/page"}],"author":[{"embeddable":true,"href":"https:\/\/fornells.immo\/ca\/wp-json\/wp\/v2\/users\/1"}],"replies":[{"embeddable":true,"href":"https:\/\/fornells.immo\/ca\/wp-json\/wp\/v2\/comments?post=51319"}],"version-history":[{"count":9,"href":"https:\/\/fornells.immo\/ca\/wp-json\/wp\/v2\/pages\/51319\/revisions"}],"predecessor-version":[{"id":52546,"href":"https:\/\/fornells.immo\/ca\/wp-json\/wp\/v2\/pages\/51319\/revisions\/52546"}],"wp:attachment":[{"href":"https:\/\/fornells.immo\/ca\/wp-json\/wp\/v2\/media?parent=51319"}],"curies":[{"name":"wp","href":"https:\/\/api.w.org\/{rel}","templated":true}]}}