{"id":51331,"date":"2024-07-11T07:49:09","date_gmt":"2024-07-11T05:49:09","guid":{"rendered":"https:\/\/fornells.immo\/?page_id=51331"},"modified":"2024-08-09T17:48:31","modified_gmt":"2024-08-09T15:48:31","slug":"politica-de-cookies","status":"publish","type":"page","link":"https:\/\/fornells.immo\/ca\/politica-de-cookies\/","title":{"rendered":"Pol\u00edtica de Cookies"},"content":{"rendered":"\t\t<div data-elementor-type=\"wp-page\" data-elementor-id=\"51331\" class=\"elementor elementor-51331 elementor-50967\" data-elementor-post-type=\"page\">\n\t\t\t\t\t\t<section class=\"elementor-section elementor-top-section elementor-element elementor-element-6f46179 elementor-section-height-min-height elementor-section-boxed elementor-section-height-default elementor-section-items-middle\" data-id=\"6f46179\" data-element_type=\"section\">\n\t\t\t\t\t\t\t<div class=\"elementor-background-overlay\"><\/div>\n\t\t\t\t\t\t\t<div class=\"elementor-container elementor-column-gap-default\">\n\t\t\t\t\t<div class=\"elementor-column elementor-col-100 elementor-top-column elementor-element elementor-element-f7dd171\" data-id=\"f7dd171\" data-element_type=\"column\">\n\t\t\t<div class=\"elementor-widget-wrap elementor-element-populated\">\n\t\t\t\t\t\t\t<\/div>\n\t\t<\/div>\n\t\t\t\t\t<\/div>\n\t\t<\/section>\n\t\t\t\t<section class=\"elementor-section elementor-top-section elementor-element elementor-element-749a382 elementor-section-boxed elementor-section-height-default elementor-section-height-default\" data-id=\"749a382\" data-element_type=\"section\">\n\t\t\t\t\t\t<div class=\"elementor-container elementor-column-gap-default\">\n\t\t\t\t\t<div class=\"elementor-column elementor-col-100 elementor-top-column elementor-element elementor-element-da2279f\" data-id=\"da2279f\" data-element_type=\"column\">\n\t\t\t<div class=\"elementor-widget-wrap elementor-element-populated\">\n\t\t\t\t\t\t<div class=\"elementor-element elementor-element-d020e3a elementor-widget__width-initial elementor-widget elementor-widget-text-editor\" data-id=\"d020e3a\" data-element_type=\"widget\" data-widget_type=\"text-editor.default\">\n\t\t\t\t<div class=\"elementor-widget-container\">\n\t\t\t\t\t\t\t\t\t<h6><i style=\"font-size: 1rem; text-transform: inherit;\"><br><\/i><\/h6>\n<h6><i style=\"font-size: 1rem; text-transform: inherit;\">\u00daltima actualizaci\u00f3: 10\/07\/2024<br><\/i><\/h6>\n<p>Aquesta Pol\u00edtica de Cookies \u00e9s part integrant de l&#8217;Av\u00eds Legal i la Pol\u00edtica de Privadesa d&#8217;aquesta web. L&#8217;acc\u00e9s i la navegaci\u00f3 al lloc, o l&#8217;\u00fas dels serveis del mateix, impliquen l&#8217;acceptaci\u00f3 de les Condicions Generals (i per tant de la Pol\u00edtica de Privadesa i Pol\u00edtica de Cookies). Si us plau, llegeix-les atentament.<\/p>\n<p>T&#8217;agra\u00efm que hagis decidit visitar-nos. Volem que la teva experi\u00e8ncia al lloc sigui el millor possible, i per aquest motiu hem escrit aquesta Pol\u00edtica de Cookies de la manera m\u00e9s transparent possible.<\/p>\n<p><\/p>\n<h2>Qu\u00e8 \u00e9s una Cookie?<\/h2>\n<div>&nbsp;<\/div>\n<p>Les cookies s\u00f3n fitxers que contenen petites quantitats d&#8217;informaci\u00f3 que es descarreguen al dispositiu de l&#8217;usuari que s&#8217;utilitza quan visites un lloc web. La seva finalitat principal \u00e9s recon\u00e8ixer l&#8217;usuari cada cop que accedeix i ens permet, a m\u00e9s, millorar la qualitat i la usabilitat de la nostra web.<\/p>\n<p><br><\/p>\n<p><span style=\"font-family: 'Work Sans'; text-transform: inherit;\">Tipus de Cookies<\/span><\/p>\n<p>Hi ha diferents tipus de galetes. Tots treballen de la mateixa manera, per\u00f2 tenen petites difer\u00e8ncies:<\/p>\n<p>a) <b>Galetes de sessi\u00f3<\/b>: Les galetes de sessi\u00f3 duren nom\u00e9s per la durada de la teva visita i s&#8217;esborren quan tanques el navegador. La seva finalitat principal \u00e9s identificar el tipus de dispositiu, donar suport a la seguretat lloc web o la seva funcionalitat b\u00e0sica. No contenen informaci\u00f3 personal que ens permeti identificar una persona.<\/p>\n<p>b) <b>Cookies Persistents o Permanents<\/b>: S&#8217;emmagatzemen al disc dur del dispositiu i la nostra web les llegeix cada vegada que fas una nova visita a la web; posseeix una data de caducitat o expiraci\u00f3 determinada, complerta la qual la galeta deixa de funcionar. Ens permeten identificar les teves accions i prefer\u00e8ncies; analitzar les visites i ens ajuden a comprendre com arriben els usuaris a la nostra p\u00e0gina i millorar els nostres serveis.<\/p>\n<p>c) <b>Cookies de Funcionalitat<\/b>: Permeten a recordar decisions adoptades per l&#8217;usuari, com ara el seu login o identificador. La informaci\u00f3 que aquestes galetes recullen s&#8217;anonimitza (\u00e9s a dir, no cont\u00e9 ni el teu nom, adre\u00e7a o altres dades).<\/p>\n<p>d) <b>Cookies de Tercers<\/b>: Les galetes de tercers s\u00f3n les galetes que instal\u00b7la un lloc web que no \u00e9s el que est\u00e0s visitant; per exemple, les utilitzades per xarxes socials (com Facebook) o per complements externs de contingut (com Google Maps). A m\u00e9s, algunes empreses de publicitat usen aquest tipus de fitxers per fer un seguiment de les teves visites a cada lloc on s&#8217;anuncien.<\/p>\n<p>e) <b>&nbsp;Cookies Anal\u00edtiques<\/b>: S\u00f3n galetes que tenen per finalitat el manteniment peri\u00f2dic i garantir el millor funcionament i servei a l&#8217;usuari; recopilant dades de la teva activitat.<\/p>\n<p><span style=\"font-family: &quot;Work Sans&quot;; text-transform: inherit;\">\u00das de Cookies en el portal web de Fornells.immo<\/span><br><\/p>\n<p><\/p>\n<div>\n<div>\n<div>Mitjan\u00e7ant l&#8217;acc\u00e9s a la web, acceptes de manera expressa que puguem fer servir aquest tipus de cookies als teus dispositius. Si desactives les cookies, pot ser que la teva navegaci\u00f3 per no sigui \u00f2ptima i algunes de les utilitats que disposa no funcionin correctament.<\/div>\n<div><br><\/div>\n<div>Cap galeta no es pot contactar amb el teu n\u00famero de tel\u00e8fon, la teva adre\u00e7a de correu electr\u00f2nic o amb qualsevol altre mitj\u00e0 de contacte, ni extreure informaci\u00f3 del teu disc dur o robar informaci\u00f3 personal.<\/div>\n<\/div>\n<\/div>\n<div>&nbsp;<\/div>\n<p>1- <b>Google Analytics:&nbsp;<\/b>_ga | _gat | _gid | Altres possibles galetes a carregar pel servei de monitoritzaci\u00f3 de visites<\/p>\n<p><\/p>\n<p><b>Tipo: <\/b>Anal\u00edtica \/ Aliena<\/p>\n<p><\/p>\n<p><b>Temporalitat:<\/b> Permanent | Temporal<\/p>\n<p><b>Finalitat:&nbsp;<\/b>Generar un identificador dusuari \u00fanic, que \u00e9s el que sutilitza per fer recompte de quantes vegades visita el lloc un usuari, aix\u00ed com la data de la primera i l\u00faltima vegada que va visitar la web. Registrar la data i l&#8217;hora d&#8217;acc\u00e9s a qualsevol de les p\u00e0gines del Lloc. Comproveu la necessitat de mantenir la sessi\u00f3 d&#8217;un usuari oberta o crear-ne una de nova. Identificar la sessi\u00f3 de l&#8217;usuari per recollir la ubicaci\u00f3 geogr\u00e0fica aproximada de l&#8217;ordinador que accedeix al Lloc amb efectes estad\u00edstics.<\/p>\n<p><\/p>\n<p>2-&nbsp;&nbsp;<b>Av\u00eds de Cookies:&nbsp;<\/b>cb-enabled2<\/p>\n<p><span style=\"font-weight: 700;\">Tipus: <\/span>&nbsp;T\u00e8cnica \/ Pr\u00f2pia<\/p>\n<p><\/p>\n<p><span style=\"font-weight: 700;\">Temporalitat:<\/span>&nbsp;Temporal&nbsp;<\/p>\n<p><span style=\"font-weight: 700;\">Finalitat:&nbsp;<\/span>Control d&#8217;aparici\u00f3 i acceptaci\u00f3 per l\u00a1av\u00eds de cookies.<\/p>\n<p><br><\/p>\n<p>3- <b>Cookies de Sessi\u00f3<\/b><span style=\"font-weight: 700;\">:&nbsp;<\/span>SESSXXXXXX<\/p>\n<p><span style=\"font-weight: 700;\">Tipus:&nbsp;<\/span>&nbsp;T\u00e8cnica \/ Pr\u00f2pia<\/p>\n<p><\/p>\n<p><span style=\"font-weight: 700;\">Temporalitat:<\/span>&nbsp;Temporal&nbsp;<\/p>\n<p><span style=\"font-weight: 700;\">Finalitat:&nbsp;<\/span>Emmagatzemar un identificador \u00fanic de sessi\u00f3 per al funcionament correcte del portal. Les X representen valors aleatoris.<\/p>\n<p><\/p>\n<h2 style=\"width: 1120px;\"><br><\/h2>\n<div>\n<p>4- <span style=\"font-weight: 700;\">Youtube, Instagram, Twitter<\/span><\/p>\n<p><span style=\"font-weight: 700;\">Tipo:&nbsp;<\/span>&nbsp;Social \/ Aliena<\/p>\n<p><\/p>\n<p><span style=\"font-weight: 700;\">Temporalitat:<\/span>&nbsp;Temporal&nbsp;<\/p>\n<p><span style=\"font-weight: 700;\">Finalidad:&nbsp;<\/span>Cookies para la integraci\u00f3n de les xarxes socials<\/p>\n<p><br><\/p>\n<\/div>\n<p><font face=\"Work Sans\">Com modificar la configuraci\u00f3 de les galetes?<\/font><br><\/p>\n<p>Podeu restringir, bloquejar o esborrar les galetes de LA LLIGA o qualsevol altra p\u00e0gina web, utilitzant el vostre navegador. A cada navegador l&#8217;operativa \u00e9s diferent, la funci\u00f3 de \u201cAjuda\u201d us mostrar\u00e0 com fer-ho.<\/p><p>Internet Explorer: windows.microsoft.com\/ca-xl\/internet-explorer\/delete-manage-cookies#ie=\u00bbie-10\u2033<\/p><p>Microsoft Edge: support.microsoft.com\/ca-help\/4468242\/microsoft-edge-browsing-data-and-privacy-microsoft-privacy<\/p><p>FireFox support.mozilla.org\/ca\/kb\/Esborrar%20cookies<\/p><p>Chrome: support.google.com\/chrome\/answer\/95647?hl=\u00bbca\u00bb<\/p><p>Safari: www.apple.com\/es\/privacy\/use-of-cookies\/<\/p>\n<p><br><\/p>\t\t\t\t\t\t\t\t<\/div>\n\t\t\t\t<\/div>\n\t\t\t\t\t<\/div>\n\t\t<\/div>\n\t\t\t\t\t<\/div>\n\t\t<\/section>\n\t\t\t\t<\/div>\n\t\t","protected":false},"excerpt":{"rendered":"<p>\u00daltima actualizaci\u00f3: 10\/07\/2024 Aquesta Pol\u00edtica de Cookies \u00e9s part integrant de l&#8217;Av\u00eds Legal i la Pol\u00edtica de Privadesa d&#8217;aquesta web. L&#8217;acc\u00e9s i la navegaci\u00f3 al lloc, o l&#8217;\u00fas dels serveis del mateix, impliquen l&#8217;acceptaci\u00f3 de les Condicions Generals (i per tant de la Pol\u00edtica de Privadesa i Pol\u00edtica de Cookies). Si us plau, llegeix-les atentament. [&hellip;]<\/p>\n","protected":false},"author":1,"featured_media":0,"parent":0,"menu_order":0,"comment_status":"closed","ping_status":"closed","template":"","meta":{"footnotes":""},"class_list":["post-51331","page","type-page","status-publish","hentry"],"_links":{"self":[{"href":"https:\/\/fornells.immo\/ca\/wp-json\/wp\/v2\/pages\/51331","targetHints":{"allow":["GET"]}}],"collection":[{"href":"https:\/\/fornells.immo\/ca\/wp-json\/wp\/v2\/pages"}],"about":[{"href":"https:\/\/fornells.immo\/ca\/wp-json\/wp\/v2\/types\/page"}],"author":[{"embeddable":true,"href":"https:\/\/fornells.immo\/ca\/wp-json\/wp\/v2\/users\/1"}],"replies":[{"embeddable":true,"href":"https:\/\/fornells.immo\/ca\/wp-json\/wp\/v2\/comments?post=51331"}],"version-history":[{"count":9,"href":"https:\/\/fornells.immo\/ca\/wp-json\/wp\/v2\/pages\/51331\/revisions"}],"predecessor-version":[{"id":52549,"href":"https:\/\/fornells.immo\/ca\/wp-json\/wp\/v2\/pages\/51331\/revisions\/52549"}],"wp:attachment":[{"href":"https:\/\/fornells.immo\/ca\/wp-json\/wp\/v2\/media?parent=51331"}],"curies":[{"name":"wp","href":"https:\/\/api.w.org\/{rel}","templated":true}]}}