{"id":51411,"date":"2024-06-01T08:08:26","date_gmt":"2024-06-01T06:08:26","guid":{"rendered":"https:\/\/fornells.immo\/?page_id=51411"},"modified":"2025-05-20T08:51:20","modified_gmt":"2025-05-20T06:51:20","slug":"comprar-una-casa-a-menorca","status":"publish","type":"page","link":"https:\/\/fornells.immo\/ca\/propietats-per-vendre-en-menorca\/comprar-una-casa-a-menorca\/","title":{"rendered":"Comprar una casa a Menorca"},"content":{"rendered":"\t\t<div data-elementor-type=\"wp-page\" data-elementor-id=\"51411\" class=\"elementor elementor-51411 elementor-50244\" data-elementor-post-type=\"page\">\n\t\t\t\t\t\t<section class=\"elementor-section elementor-top-section elementor-element elementor-element-642fff7e elementor-section-height-min-height elementor-section-content-middle elementor-section-boxed elementor-section-height-default elementor-section-items-middle\" data-id=\"642fff7e\" data-element_type=\"section\" id=\"titulo\">\n\t\t\t\t\t\t\t<div class=\"elementor-background-overlay\"><\/div>\n\t\t\t\t\t\t\t<div class=\"elementor-container elementor-column-gap-default\">\n\t\t\t\t\t<div class=\"elementor-column elementor-col-100 elementor-top-column elementor-element elementor-element-54ef387d\" data-id=\"54ef387d\" data-element_type=\"column\">\n\t\t\t<div class=\"elementor-widget-wrap elementor-element-populated\">\n\t\t\t\t\t\t\t<\/div>\n\t\t<\/div>\n\t\t\t\t\t<\/div>\n\t\t<\/section>\n\t\t\t\t<section class=\"elementor-section elementor-inner-section elementor-element elementor-element-9c19764 animated-slow elementor-section-boxed elementor-section-height-default elementor-section-height-default\" data-id=\"9c19764\" data-element_type=\"section\" data-settings=\"{&quot;background_background&quot;:&quot;classic&quot;,&quot;animation&quot;:&quot;none&quot;}\">\n\t\t\t\t\t\t\t<div class=\"elementor-background-overlay\"><\/div>\n\t\t\t\t\t\t\t<div class=\"elementor-container elementor-column-gap-no\">\n\t\t\t\t\t<div class=\"elementor-column elementor-col-50 elementor-inner-column elementor-element elementor-element-32838b4\" data-id=\"32838b4\" data-element_type=\"column\" data-settings=\"{&quot;background_background&quot;:&quot;classic&quot;}\">\n\t\t\t<div class=\"elementor-widget-wrap elementor-element-populated\">\n\t\t\t\t\t\t<div class=\"elementor-element elementor-element-e116d99 elementor-widget elementor-widget-image\" data-id=\"e116d99\" data-element_type=\"widget\" data-widget_type=\"image.default\">\n\t\t\t\t<div class=\"elementor-widget-container\">\n\t\t\t\t\t\t\t\t\t\t\t\t\t\t\t<img fetchpriority=\"high\" decoding=\"async\" width=\"600\" height=\"103\" src=\"https:\/\/fornells.immo\/wp-content\/uploads\/2024\/06\/tejadop.png\" class=\"attachment-large size-large wp-image-50864\" alt=\"\" srcset=\"https:\/\/fornells.immo\/wp-content\/uploads\/2024\/06\/tejadop.png 600w, https:\/\/fornells.immo\/wp-content\/uploads\/2024\/06\/tejadop-300x52.png 300w, https:\/\/fornells.immo\/wp-content\/uploads\/2024\/06\/tejadop-592x103.png 592w, https:\/\/fornells.immo\/wp-content\/uploads\/2024\/06\/tejadop-496x85.png 496w\" sizes=\"(max-width: 600px) 100vw, 600px\" \/>\t\t\t\t\t\t\t\t\t\t\t\t\t\t\t<\/div>\n\t\t\t\t<\/div>\n\t\t\t\t<div class=\"elementor-element elementor-element-a36a09b elementor-widget__width-inherit tick elementor-widget elementor-widget-text-editor\" data-id=\"a36a09b\" data-element_type=\"widget\" data-widget_type=\"text-editor.default\">\n\t\t\t\t<div class=\"elementor-widget-container\">\n\t\t\t\t\t\t\t\t\t<ol><li>Trobem casa teva a Menorca per gaudir-la durant les vacances.<\/li><li>Tambi\u00e9n una propiedad en Menorca para rentabilizarla inmediatamente mediante el alquiler vacacional.<\/li><li>O una inversi\u00f3 a Menorca amb un retorn a m\u00e9s llarg termini.<\/li><\/ol>\t\t\t\t\t\t\t\t<\/div>\n\t\t\t\t<\/div>\n\t\t\t\t<div class=\"elementor-element elementor-element-30b8e7d elementor-widget-divider--separator-type-pattern elementor-widget-divider--view-line elementor-widget elementor-widget-divider\" data-id=\"30b8e7d\" data-element_type=\"widget\" data-widget_type=\"divider.default\">\n\t\t\t\t<div class=\"elementor-widget-container\">\n\t\t\t\t\t\t\t<div class=\"elementor-divider\" style=\"--divider-pattern-url: url(&quot;data:image\/svg+xml,%3Csvg xmlns=&#039;http:\/\/www.w3.org\/2000\/svg&#039; preserveAspectRatio=&#039;none&#039; overflow=&#039;visible&#039; height=&#039;100%&#039; viewBox=&#039;0 0 24 24&#039; fill=&#039;none&#039; stroke=&#039;black&#039; stroke-width=&#039;1.5&#039; stroke-linecap=&#039;square&#039; stroke-miterlimit=&#039;10&#039;%3E%3Cpolyline points=&#039;0,18 12,6 24,18 &#039;\/%3E%3C\/svg%3E&quot;);\">\n\t\t\t<span class=\"elementor-divider-separator\">\n\t\t\t\t\t\t<\/span>\n\t\t<\/div>\n\t\t\t\t\t\t<\/div>\n\t\t\t\t<\/div>\n\t\t\t\t<div class=\"elementor-element elementor-element-34fc419 elementor-widget elementor-widget-image-carousel\" data-id=\"34fc419\" data-element_type=\"widget\" data-settings=\"{&quot;slides_to_show&quot;:&quot;1&quot;,&quot;navigation&quot;:&quot;none&quot;,&quot;autoplay&quot;:&quot;yes&quot;,&quot;pause_on_hover&quot;:&quot;yes&quot;,&quot;pause_on_interaction&quot;:&quot;yes&quot;,&quot;autoplay_speed&quot;:5000,&quot;infinite&quot;:&quot;yes&quot;,&quot;effect&quot;:&quot;slide&quot;,&quot;speed&quot;:500}\" data-widget_type=\"image-carousel.default\">\n\t\t\t\t<div class=\"elementor-widget-container\">\n\t\t\t\t\t\t\t<div class=\"elementor-image-carousel-wrapper swiper\" role=\"region\" aria-roledescription=\"carousel\" aria-label=\"Carrusel de im\u00e1genes\" dir=\"ltr\">\n\t\t\t<div class=\"elementor-image-carousel swiper-wrapper\" aria-live=\"off\">\n\t\t\t\t\t\t\t\t<div class=\"swiper-slide\" role=\"group\" aria-roledescription=\"slide\" aria-label=\"1 de 3\"><figure class=\"swiper-slide-inner\"><img decoding=\"async\" class=\"swiper-slide-image\" src=\"https:\/\/fornells.immo\/wp-content\/uploads\/2023\/02\/IMG_20230216_171104-1-768x576.jpg\" alt=\"IMG_20230216_171104 (1)\" \/><\/figure><\/div><div class=\"swiper-slide\" role=\"group\" aria-roledescription=\"slide\" aria-label=\"2 de 3\"><figure class=\"swiper-slide-inner\"><img decoding=\"async\" class=\"swiper-slide-image\" src=\"https:\/\/fornells.immo\/wp-content\/uploads\/2023\/02\/IMG_20230216_162818-768x576.jpg\" alt=\"IMG_20230216_162818\" \/><\/figure><\/div><div class=\"swiper-slide\" role=\"group\" aria-roledescription=\"slide\" aria-label=\"3 de 3\"><figure class=\"swiper-slide-inner\"><img decoding=\"async\" class=\"swiper-slide-image\" src=\"https:\/\/fornells.immo\/wp-content\/uploads\/2023\/02\/IMG_20230216_163421-1-1-768x494.jpg\" alt=\"IMG_20230216_163421 (1) (1)\" \/><\/figure><\/div>\t\t\t<\/div>\n\t\t\t\t\t\t\t\n\t\t\t\t\t\t\t\t\t<\/div>\n\t\t\t\t\t\t<\/div>\n\t\t\t\t<\/div>\n\t\t\t\t\t<\/div>\n\t\t<\/div>\n\t\t\t\t<div class=\"elementor-column elementor-col-50 elementor-inner-column elementor-element elementor-element-cf96ab8\" data-id=\"cf96ab8\" data-element_type=\"column\" data-settings=\"{&quot;background_background&quot;:&quot;classic&quot;}\">\n\t\t\t<div class=\"elementor-widget-wrap elementor-element-populated\">\n\t\t\t\t\t\t<div class=\"elementor-element elementor-element-4373c3c elementor-widget__width-inherit elementor-widget elementor-widget-text-editor\" data-id=\"4373c3c\" data-element_type=\"widget\" data-widget_type=\"text-editor.default\">\n\t\t\t\t<div class=\"elementor-widget-container\">\n\t\t\t\t\t\t\t\t\t<p>Confia en nosaltres deixant-nos informaci\u00f3 sobre el tipus de propietat que busques a Menorca i en breu tindr\u00e0s al teu email informaci\u00f3 sobre les millors opcions que t&#8217;ofereix el mercat. I \u00e9s clar, sense cap mena de comprom\u00eds per part teva.<\/p><p><b>\u00a0<\/b><\/p>\t\t\t\t\t\t\t\t<\/div>\n\t\t\t\t<\/div>\n\t\t\t\t<div class=\"elementor-element elementor-element-a01be1c elementor-widget__width-inherit elementor-button-align-stretch elementor-widget elementor-widget-houzez_elementor_inquiry_form\" data-id=\"a01be1c\" data-element_type=\"widget\" data-widget_type=\"houzez_elementor_inquiry_form.default\">\n\t\t\t\t<div class=\"elementor-widget-container\">\n\t\t\t\t\t\n        <script type=\"application\/javascript\">\n            jQuery(document).bind(\"ready\", function () {\n                houzezValidateElementor(\"#houzez-form-a01be1c\" );\n            });\n        <\/script>\n\n\n        <form class=\"elementor-form houzez-ele-form-js\" id=\"houzez-form-a01be1c\" method=\"post\" name=\"New Form\" action=\"https:\/\/fornells.immo\/wp-admin\/admin-ajax.php\">\n            <input type=\"hidden\" name=\"form_id\" value=\"a01be1c\"\/>\n            <input type=\"hidden\" name=\"action\" value=\"houzez_ele_inquiry_form\" \/>\n            <input type=\"hidden\" name=\"source_link\" value=\"https:\/\/fornells.immo\/ca\/propietats-per-vendre-en-menorca\/comprar-una-casa-a-menorca\/\" \/>\n            <input type=\"hidden\" name=\"lead_page_id\" value=\"51411\" \/>\n            <input type=\"hidden\" name=\"is_estimation\" value=\"yes\" \/>\n            <input type=\"hidden\" name=\"webhook\" value=\"false\" \/>\n            <input type=\"hidden\" name=\"webhook_url\" value=\"\" \/>\n            <input type=\"hidden\" name=\"redirect_to\" value=\"https:\/\/fornells.immo\/ca\/propietats-per-vendre-en-menorca\/\" \/>\n            <input type=\"hidden\" name=\"google_recaptcha\" value=\"yes\" \/>\n\n            <div class=\"elementor-form-fields-wrapper elementor-labels-above\">\n\n                                    <div class=\"elementor-field-group elementor-column form-group elementor-field-group-cc6b92f elementor-col-50 elementor-field-required elementor-mark-required\">\n                    <label for=\"form-field-cc6b92f\" class=\"elementor-field-label\">Nom<\/label><input type=\"text\" name=\"first_name\" id=\"form-field-cc6b92f\" class=\"elementor-field form-control elementor-size-xs elementor-field-textual\" title=\"* Nom\" required=\"required\">                    <\/div>\n\n                                        <div class=\"elementor-field-group elementor-column form-group elementor-field-group-3cc124e elementor-col-50 elementor-field-required elementor-mark-required\">\n                    <label for=\"form-field-3cc124e\" class=\"elementor-field-label\">Cognoms<\/label><input type=\"text\" name=\"last_name\" id=\"form-field-3cc124e\" class=\"elementor-field form-control elementor-size-xs elementor-field-textual\" title=\"* Cognoms\" required=\"required\">                    <\/div>\n\n                                        <div class=\"elementor-field-group elementor-column form-group elementor-field-group-932d82c elementor-col-50 elementor-field-required elementor-mark-required\">\n                    <label for=\"form-field-932d82c\" class=\"elementor-field-label\">Email<\/label><input type=\"email\" name=\"email\" id=\"form-field-932d82c\" class=\"elementor-field form-control elementor-size-xs elementor-field-textual\" title=\"* Email\" required=\"required\">                    <\/div>\n\n                                        <div class=\"elementor-field-group elementor-column form-group elementor-field-group-304b68f elementor-col-50 elementor-field-required elementor-mark-required\">\n                    <label for=\"form-field-304b68f\" class=\"elementor-field-label\">M\u00f2bil<\/label><input type=\"text\" name=\"mobile\" id=\"form-field-304b68f\" class=\"elementor-field form-control elementor-size-xs elementor-field-textual\" title=\"* M\u00f2bil\" required=\"required\">                    <\/div>\n\n                                        <div class=\"elementor-field-group elementor-column form-group elementor-field-group-3180222 elementor-col-33 elementor-field-required elementor-mark-required\">\n                    <label for=\"form-field-3180222\" class=\"elementor-field-label\">Tipus propietat<\/label>        <div class=\"elementor-field elementor-select-wrapper\">\n            <select name=\"e_meta[property_type]\" id=\"form-field-3180222\" class=\"elementor-field-textual form-control elementor-size-xs\" required=\"required\" title=\"* Tipus propietat\">\n                <option value=\"apartament\"> Apartament<\/option><option value=\"casa-cat\"> Casa<\/option><option value=\"finca-rustica\"> Finca r\u00fastica<\/option><option value=\"negoci\"> Negoci<\/option><option value=\"terreny\"> Terreny<\/option><option value=\"villa-ca\"> Villa<\/option>            <\/select>\n        <\/div>\n                            <\/div>\n\n                                        <div class=\"elementor-field-group elementor-column form-group elementor-field-group-c549d17 elementor-col-33 elementor-field-required elementor-mark-required\">\n                    <label for=\"form-field-c549d17\" class=\"elementor-field-label\">Preu m\u00e0xim<\/label><input type=\"number\" name=\"e_meta[max-price]\" id=\"form-field-c549d17\" class=\"elementor-field form-control elementor-size-xs elementor-field-textual\" title=\"* Preu m\u00e0xim\" required=\"required\" min=\"0\">                    <\/div>\n\n                                        <div class=\"elementor-field-group elementor-column form-group elementor-field-group-e08cbcb elementor-col-33 elementor-field-required elementor-mark-required\">\n                    <label for=\"form-field-e08cbcb\" class=\"elementor-field-label\">  Superf\u00edcie  (m2)<\/label><input type=\"number\" name=\"e_meta[area-size]\" id=\"form-field-e08cbcb\" class=\"elementor-field form-control elementor-size-xs elementor-field-textual\" title=\"*   Superf\u00edcie  (m2)\" required=\"required\" min=\"0\">                    <\/div>\n\n                                        <div class=\"elementor-field-group elementor-column form-group elementor-field-group-95c61a9 elementor-col-100\">\n                    <label for=\"form-field-95c61a9\" class=\"elementor-field-label\">Comentari<\/label><textarea class=\"elementor-field-textual elementor-field elementor-size-xs\" name=\"message\" id=\"form-field-95c61a9\" rows=\"4\"><\/textarea>                    <\/div>\n\n                    \n                    \n                                        <div class=\"houzez-gdpr-agreement elementor-field-group elementor-col-100\">\n                        <label for=\"gdpr_agreement\" class=\"elementor-field-label\"><\/label>\n                        <div class=\"gdpr-agreement-subgroup\">\n                            <span class=\"gdpr-field-option\">\n                                <label class=\"gdpr-text\" for=\"gdpr_agreement\">\n                                    <input required type=\"checkbox\" title=\"* \" name=\"gdpr_agreement\" id=\"gdpr_agreement\">  Accepto l'<a>Av\u00eds Legal <\/a>i la <a href=\"politica-de-privacitat\">Pol\u00edtica de Privacitat<\/a> de FORNELLS.immo\n\n                                <\/label>\n                            <\/span>\n                        <\/div>             \n                    <\/div>\n                    \n                                        <div class=\"\">\n                        <div class=\"form-group captcha_wrapper houzez-grecaptcha-v3\">\n    <div class=\"houzez_google_reCaptcha\"><\/div>\n<\/div>\n                    <\/div>\n                    \n                    <div class=\"elementor-field-group elementor-column elementor-field-type-submit elementor-col-100\">\n                    <button type=\"submit\" class=\"houzez-submit-button houzez-contact-form-js elementor-button elementor-size-md\">\n                        <i class=\"btn-loader houzez-loader-js\"><\/i>\n                                                    ENVIAR                                            <\/button>\n                <\/div>\n            <\/div><!-- End wrapper-->\n            <br\/>\n            <div class=\"ele-form-messages\"><\/div>\n            <div class=\"error-container\"><\/div>\n\n        <\/form>\n\n    \t\t\t\t<\/div>\n\t\t\t\t<\/div>\n\t\t\t\t<div class=\"elementor-element elementor-element-9a5fe16 elementor-widget__width-inherit elementor-widget elementor-widget-text-editor\" data-id=\"9a5fe16\" data-element_type=\"widget\" data-widget_type=\"text-editor.default\">\n\t\t\t\t<div class=\"elementor-widget-container\">\n\t\t\t\t\t\t\t\t\t<p><span style=\"font-size: 17px;\">FORNELLS.immo t&#8217;informa que les dades personals que ens facilites emplenant aquest formulari seran tractades per l&#8217;agent immobiliari Francisco S\u00e1nchez Larrosa, com a responsable d&#8217;aquest lloc web.<\/span><\/p><p><span style=\"background-color: var( --e-global-color-e45e241 ); color: var( --e-global-color-text ); font-size: 17px;\"><br \/>Legitimaci\u00f3: en marcar la casella est\u00e0s donant el teu leg\u00edtim consentiment perqu\u00e8 les teves dades siguin tractades de conformitat amb les finalitats d&#8217;aquest formulari descrites a la pol\u00edtica de privacitat.<\/span><span style=\"background-color: var( --e-global-color-e45e241 ); color: var( --e-global-color-text ); font-size: 17px;\"><br \/><\/span><span style=\"background-color: var( --e-global-color-e45e241 ); color: var( --e-global-color-text ); font-size: 17px;\"><br \/>Podeu exercir els vostres drets d&#8217;acc\u00e9s, rectificaci\u00f3, limitaci\u00f3 i supressi\u00f3 de dades a info@fornells.immo.<br \/><\/span><span style=\"background-color: var( --e-global-color-e45e241 ); color: var( --e-global-color-text ); font-size: 17px;\"><br \/>Podeu consultar informaci\u00f3 addicional i detallada sobre la nostra pol\u00edtica de Protecci\u00f3 de Dades a la nostra <a href=\"https:\/\/fornells.immo\/ca\/politica-de-privacitat\/\">Pol\u00edtica de Privacitat.<\/a><\/span><\/p>\t\t\t\t\t\t\t\t<\/div>\n\t\t\t\t<\/div>\n\t\t\t\t\t<\/div>\n\t\t<\/div>\n\t\t\t\t\t<\/div>\n\t\t<\/section>\n\t\t\t\t<\/div>\n\t\t","protected":false},"excerpt":{"rendered":"<p>Trobem casa teva a Menorca per gaudir-la durant les vacances. Tambi\u00e9n una propiedad en Menorca para rentabilizarla inmediatamente mediante el alquiler vacacional. O una inversi\u00f3 a Menorca amb un retorn a m\u00e9s llarg termini. Confia en nosaltres deixant-nos informaci\u00f3 sobre el tipus de propietat que busques a Menorca i en breu tindr\u00e0s al teu email [&hellip;]<\/p>\n","protected":false},"author":1,"featured_media":0,"parent":49911,"menu_order":0,"comment_status":"closed","ping_status":"closed","template":"","meta":{"footnotes":""},"class_list":["post-51411","page","type-page","status-publish","hentry"],"_links":{"self":[{"href":"https:\/\/fornells.immo\/ca\/wp-json\/wp\/v2\/pages\/51411","targetHints":{"allow":["GET"]}}],"collection":[{"href":"https:\/\/fornells.immo\/ca\/wp-json\/wp\/v2\/pages"}],"about":[{"href":"https:\/\/fornells.immo\/ca\/wp-json\/wp\/v2\/types\/page"}],"author":[{"embeddable":true,"href":"https:\/\/fornells.immo\/ca\/wp-json\/wp\/v2\/users\/1"}],"replies":[{"embeddable":true,"href":"https:\/\/fornells.immo\/ca\/wp-json\/wp\/v2\/comments?post=51411"}],"version-history":[{"count":44,"href":"https:\/\/fornells.immo\/ca\/wp-json\/wp\/v2\/pages\/51411\/revisions"}],"predecessor-version":[{"id":54888,"href":"https:\/\/fornells.immo\/ca\/wp-json\/wp\/v2\/pages\/51411\/revisions\/54888"}],"up":[{"embeddable":true,"href":"https:\/\/fornells.immo\/ca\/wp-json\/wp\/v2\/pages\/49911"}],"wp:attachment":[{"href":"https:\/\/fornells.immo\/ca\/wp-json\/wp\/v2\/media?parent=51411"}],"curies":[{"name":"wp","href":"https:\/\/api.w.org\/{rel}","templated":true}]}}