{"id":53405,"date":"2024-08-02T07:26:58","date_gmt":"2024-08-02T05:26:58","guid":{"rendered":"https:\/\/fornells.immo\/?page_id=53405"},"modified":"2024-08-22T19:03:26","modified_gmt":"2024-08-22T17:03:26","slug":"blog-immobiliari-de-menorca","status":"publish","type":"page","link":"https:\/\/fornells.immo\/ca\/blog-immobiliari-de-menorca\/","title":{"rendered":"Blog immobiliari de Menorca"},"content":{"rendered":"\t\t<div data-elementor-type=\"wp-post\" data-elementor-id=\"53405\" class=\"elementor elementor-53405 elementor-51787\" data-elementor-post-type=\"page\">\n\t\t\t\t\t\t<section class=\"elementor-section elementor-top-section elementor-element elementor-element-63731efd elementor-section-height-min-height elementor-section-full_width elementor-section-height-default elementor-section-items-middle\" data-id=\"63731efd\" data-element_type=\"section\" id=\"blog-header\">\n\t\t\t\t\t\t\t<div class=\"elementor-background-overlay\"><\/div>\n\t\t\t\t\t\t\t<div class=\"elementor-container elementor-column-gap-default\">\n\t\t\t\t\t<div class=\"elementor-column elementor-col-33 elementor-top-column elementor-element elementor-element-56f63a19\" data-id=\"56f63a19\" data-element_type=\"column\">\n\t\t\t<div class=\"elementor-widget-wrap elementor-element-populated\">\n\t\t\t\t\t\t<div class=\"elementor-element elementor-element-1ddc33ba e-transform elementor-widget elementor-widget-heading\" data-id=\"1ddc33ba\" data-element_type=\"widget\" data-settings=\"{&quot;_transform_skewX_effect&quot;:{&quot;unit&quot;:&quot;px&quot;,&quot;size&quot;:0,&quot;sizes&quot;:[]},&quot;_transform_skewY_effect&quot;:{&quot;unit&quot;:&quot;px&quot;,&quot;size&quot;:0,&quot;sizes&quot;:[]},&quot;_transform_skewX_effect_tablet&quot;:{&quot;unit&quot;:&quot;deg&quot;,&quot;size&quot;:&quot;&quot;,&quot;sizes&quot;:[]},&quot;_transform_skewX_effect_mobile&quot;:{&quot;unit&quot;:&quot;deg&quot;,&quot;size&quot;:&quot;&quot;,&quot;sizes&quot;:[]},&quot;_transform_skewY_effect_tablet&quot;:{&quot;unit&quot;:&quot;deg&quot;,&quot;size&quot;:&quot;&quot;,&quot;sizes&quot;:[]},&quot;_transform_skewY_effect_mobile&quot;:{&quot;unit&quot;:&quot;deg&quot;,&quot;size&quot;:&quot;&quot;,&quot;sizes&quot;:[]}}\" data-widget_type=\"heading.default\">\n\t\t\t\t<div class=\"elementor-widget-container\">\n\t\t\t\t\t<h1 class=\"elementor-heading-title elementor-size-default\"><a href=\"https:\/\/fornells.immo\/en\/blog\/\"><b>Blog Immobiliari Menorca<\/b> <\/a><\/h1>\t\t\t\t<\/div>\n\t\t\t\t<\/div>\n\t\t\t\t\t<\/div>\n\t\t<\/div>\n\t\t\t\t<div class=\"elementor-column elementor-col-33 elementor-top-column elementor-element elementor-element-65094522\" data-id=\"65094522\" data-element_type=\"column\">\n\t\t\t<div class=\"elementor-widget-wrap elementor-element-populated\">\n\t\t\t\t\t\t<div class=\"elementor-element elementor-element-1162598a elementor-widget-mobile__width-inherit elementor-widget elementor-widget-wp-widget-tag_cloud\" data-id=\"1162598a\" data-element_type=\"widget\" data-widget_type=\"wp-widget-tag_cloud.default\">\n\t\t\t\t<div class=\"elementor-widget-container\">\n\t\t\t\t\t<h5>Categories<\/h5><div class=\"tagcloud\"><a href=\"https:\/\/fornells.immo\/ca\/blog\/category\/legislacio\/\" class=\"tag-cloud-link tag-link-656 tag-link-position-1\" style=\"font-size: 8pt;\" aria-label=\"Legislaci\u00f3 (1 element)\">Legislaci\u00f3<\/a>\n<a href=\"https:\/\/fornells.immo\/ca\/blog\/category\/a-on-comprar\/\" class=\"tag-cloud-link tag-link-586 tag-link-position-2\" style=\"font-size: 8pt;\" aria-label=\"On comprar? (1 element)\">On comprar?<\/a><\/div>\n\t\t\t\t<\/div>\n\t\t\t\t<\/div>\n\t\t\t\t\t<\/div>\n\t\t<\/div>\n\t\t\t\t<div class=\"elementor-column elementor-col-33 elementor-top-column elementor-element elementor-element-1abc4a64\" data-id=\"1abc4a64\" data-element_type=\"column\">\n\t\t\t<div class=\"elementor-widget-wrap elementor-element-populated\">\n\t\t\t\t\t\t<div class=\"elementor-element elementor-element-46a95b81 elementor-widget-mobile__width-inherit elementor-search-form--skin-classic elementor-search-form--button-type-icon elementor-search-form--icon-search elementor-widget elementor-widget-search-form\" data-id=\"46a95b81\" data-element_type=\"widget\" data-settings=\"{&quot;skin&quot;:&quot;classic&quot;}\" data-widget_type=\"search-form.default\">\n\t\t\t\t<div class=\"elementor-widget-container\">\n\t\t\t\t\t\t\t<search role=\"search\">\n\t\t\t<form class=\"elementor-search-form\" action=\"https:\/\/fornells.immo\/ca\/\" method=\"get\">\n\t\t\t\t\t\t\t\t\t\t\t\t<div class=\"elementor-search-form__container\">\n\t\t\t\t\t<label class=\"elementor-screen-only\" for=\"elementor-search-form-46a95b81\">Search<\/label>\n\n\t\t\t\t\t\n\t\t\t\t\t<input id=\"elementor-search-form-46a95b81\" placeholder=\"Cercar\" class=\"elementor-search-form__input\" type=\"search\" name=\"s\" value=\"\">\n\t\t\t\t\t<input type='hidden' name='lang' value='ca' \/>\n\t\t\t\t\t\t\t\t\t\t\t<button class=\"elementor-search-form__submit\" type=\"submit\" aria-label=\"Search\">\n\t\t\t\t\t\t\t\t\t\t\t\t\t\t\t<i aria-hidden=\"true\" class=\"fas fa-search\"><\/i>\t\t\t\t\t\t\t\t\t\t\t\t\t<\/button>\n\t\t\t\t\t\n\t\t\t\t\t\t\t\t\t<\/div>\n\t\t\t<\/form>\n\t\t<\/search>\n\t\t\t\t\t\t<\/div>\n\t\t\t\t<\/div>\n\t\t\t\t\t<\/div>\n\t\t<\/div>\n\t\t\t\t\t<\/div>\n\t\t<\/section>\n\t\t\t\t<section class=\"elementor-section elementor-top-section elementor-element elementor-element-50d26910 elementor-section-boxed elementor-section-height-default elementor-section-height-default\" data-id=\"50d26910\" data-element_type=\"section\">\n\t\t\t\t\t\t<div class=\"elementor-container elementor-column-gap-default\">\n\t\t\t\t\t<div class=\"elementor-column elementor-col-100 elementor-top-column elementor-element elementor-element-a717b91\" data-id=\"a717b91\" data-element_type=\"column\">\n\t\t\t<div class=\"elementor-widget-wrap elementor-element-populated\">\n\t\t\t\t\t\t<div class=\"elementor-element elementor-element-1ec1fa63 elementor-widget elementor-widget-text-editor\" data-id=\"1ec1fa63\" data-element_type=\"widget\" data-widget_type=\"text-editor.default\">\n\t\t\t\t<div class=\"elementor-widget-container\">\n\t\t\t\t\t\t\t\t\t<p><br \/><b>Vols comprar o vendre una casa, un xalet, un apartament o una finca r\u00fastica a Menorca?<\/b> Est\u00e0s al lloc correcte! T&#8217;oferim informaci\u00f3 actualitzada sobre el mercat: <b>la teva br\u00faixola per comprar o vendre la teva propietat a Menorca<\/b>. Somies viure en un parad\u00eds? Descobreix tot el que cal saber sobre el mercat immobiliari menorqu\u00ed: zones m\u00e9s demandades, preus, tr\u00e0mits legals, impostos\u2026 i molt m\u00e9s. <b>T&#8217;ajudem a prendre la millor decisi\u00f3!<\/b><\/p>\t\t\t\t\t\t\t\t<\/div>\n\t\t\t\t<\/div>\n\t\t\t\t\t<\/div>\n\t\t<\/div>\n\t\t\t\t\t<\/div>\n\t\t<\/section>\n\t\t\t\t<section class=\"elementor-section elementor-top-section elementor-element elementor-element-67134e14 elementor-section-full_width elementor-section-height-default elementor-section-height-default\" data-id=\"67134e14\" data-element_type=\"section\">\n\t\t\t\t\t\t<div class=\"elementor-container elementor-column-gap-default\">\n\t\t\t\t\t<div class=\"elementor-column elementor-col-100 elementor-top-column elementor-element elementor-element-3b6a1275\" data-id=\"3b6a1275\" data-element_type=\"column\">\n\t\t\t<div class=\"elementor-widget-wrap elementor-element-populated\">\n\t\t\t\t\t\t<div class=\"elementor-element elementor-element-d5236d1 elementor-grid-3 elementor-grid-tablet-2 elementor-grid-mobile-1 elementor-posts--thumbnail-top elementor-widget elementor-widget-posts\" data-id=\"d5236d1\" data-element_type=\"widget\" data-settings=\"{&quot;classic_row_gap&quot;:{&quot;unit&quot;:&quot;px&quot;,&quot;size&quot;:0,&quot;sizes&quot;:[]},&quot;classic_columns&quot;:&quot;3&quot;,&quot;classic_columns_tablet&quot;:&quot;2&quot;,&quot;classic_columns_mobile&quot;:&quot;1&quot;,&quot;classic_row_gap_tablet&quot;:{&quot;unit&quot;:&quot;px&quot;,&quot;size&quot;:&quot;&quot;,&quot;sizes&quot;:[]},&quot;classic_row_gap_mobile&quot;:{&quot;unit&quot;:&quot;px&quot;,&quot;size&quot;:&quot;&quot;,&quot;sizes&quot;:[]}}\" data-widget_type=\"posts.classic\">\n\t\t\t\t<div class=\"elementor-widget-container\">\n\t\t\t\t\t\t\t<div class=\"elementor-posts-container elementor-posts elementor-posts--skin-classic elementor-grid\" role=\"list\">\n\t\t\t\t<article class=\"elementor-post elementor-grid-item post-56144 post type-post status-publish format-standard has-post-thumbnail hentry category-a-on-comprar\" role=\"listitem\">\n\t\t\t\t<a class=\"elementor-post__thumbnail__link\" href=\"https:\/\/fornells.immo\/ca\/blog\/son-parc-menorca-la-guia-definitiva-per-invertir-en-un-paradis-natural\/\" tabindex=\"-1\" >\n\t\t\t<div class=\"elementor-post__thumbnail\"><img fetchpriority=\"high\" decoding=\"async\" width=\"768\" height=\"576\" src=\"https:\/\/fornells.immo\/wp-content\/uploads\/2025\/10\/08-son-parc-callex768.jpg\" class=\"attachment-medium_large size-medium_large wp-image-56023\" alt=\"Calle bien mantenida en la urbanizaci\u00f3n Son Parc, Menorca, con aceras nuevas y farolas.\" srcset=\"https:\/\/fornells.immo\/wp-content\/uploads\/2025\/10\/08-son-parc-callex768.jpg 768w, https:\/\/fornells.immo\/wp-content\/uploads\/2025\/10\/08-son-parc-callex768-300x225.jpg 300w, https:\/\/fornells.immo\/wp-content\/uploads\/2025\/10\/08-son-parc-callex768-592x444.jpg 592w, https:\/\/fornells.immo\/wp-content\/uploads\/2025\/10\/08-son-parc-callex768-584x438.jpg 584w, https:\/\/fornells.immo\/wp-content\/uploads\/2025\/10\/08-son-parc-callex768-120x90.jpg 120w, https:\/\/fornells.immo\/wp-content\/uploads\/2025\/10\/08-son-parc-callex768-496x372.jpg 496w\" sizes=\"(max-width: 768px) 100vw, 768px\" \/><\/div>\n\t\t<\/a>\n\t\t\t\t<div class=\"elementor-post__text\">\n\t\t\t\t<h2 class=\"elementor-post__title\">\n\t\t\t<a href=\"https:\/\/fornells.immo\/ca\/blog\/son-parc-menorca-la-guia-definitiva-per-invertir-en-un-paradis-natural\/\" >\n\t\t\t\tSon Parc, Menorca: La Guia Definitiva per Invertir en un Parad\u00eds Natural\t\t\t<\/a>\n\t\t<\/h2>\n\t\t\t\t<div class=\"elementor-post__meta-data\">\n\t\t\t\t\t<span class=\"elementor-post-date\">\n\t\t\t2 d'octubre de 2025\t\t<\/span>\n\t\t\t\t<\/div>\n\t\t\t\t<\/div>\n\t\t\t\t<\/article>\n\t\t\t\t<article class=\"elementor-post elementor-grid-item post-53425 post type-post status-publish format-standard has-post-thumbnail hentry category-legislacio\" role=\"listitem\">\n\t\t\t\t<a class=\"elementor-post__thumbnail__link\" href=\"https:\/\/fornells.immo\/ca\/blog\/golden-visa-espanyola-nomes-fins-el-dos-abril\/\" tabindex=\"-1\" >\n\t\t\t<div class=\"elementor-post__thumbnail\"><img decoding=\"async\" width=\"768\" height=\"576\" src=\"https:\/\/fornells.immo\/wp-content\/uploads\/2025\/01\/golden-visa.jpg\" class=\"attachment-medium_large size-medium_large wp-image-54748\" alt=\"Golden Visa espa\u00f1ola\" srcset=\"https:\/\/fornells.immo\/wp-content\/uploads\/2025\/01\/golden-visa.jpg 768w, https:\/\/fornells.immo\/wp-content\/uploads\/2025\/01\/golden-visa-300x225.jpg 300w, https:\/\/fornells.immo\/wp-content\/uploads\/2025\/01\/golden-visa-592x444.jpg 592w, https:\/\/fornells.immo\/wp-content\/uploads\/2025\/01\/golden-visa-584x438.jpg 584w, https:\/\/fornells.immo\/wp-content\/uploads\/2025\/01\/golden-visa-120x90.jpg 120w, https:\/\/fornells.immo\/wp-content\/uploads\/2025\/01\/golden-visa-496x372.jpg 496w\" sizes=\"(max-width: 768px) 100vw, 768px\" \/><\/div>\n\t\t<\/a>\n\t\t\t\t<div class=\"elementor-post__text\">\n\t\t\t\t<h2 class=\"elementor-post__title\">\n\t\t\t<a href=\"https:\/\/fornells.immo\/ca\/blog\/golden-visa-espanyola-nomes-fins-el-dos-abril\/\" >\n\t\t\t\tGolden Visa espanyola: nom\u00e9s fins el 2 d&#8217;abril de 2025\t\t\t<\/a>\n\t\t<\/h2>\n\t\t\t\t<div class=\"elementor-post__meta-data\">\n\t\t\t\t\t<span class=\"elementor-post-date\">\n\t\t\t13 de gener de 2025\t\t<\/span>\n\t\t\t\t<\/div>\n\t\t\t\t<\/div>\n\t\t\t\t<\/article>\n\t\t\t\t<\/div>\n\t\t\n\t\t\t\t\t\t<\/div>\n\t\t\t\t<\/div>\n\t\t\t\t\t<\/div>\n\t\t<\/div>\n\t\t\t\t\t<\/div>\n\t\t<\/section>\n\t\t\t\t<\/div>\n\t\t","protected":false},"excerpt":{"rendered":"<p>Blog Immobiliari Menorca Vols comprar o vendre una casa, un xalet, un apartament o una finca r\u00fastica a Menorca? Est\u00e0s al lloc correcte! T&#8217;oferim informaci\u00f3<\/p>\n","protected":false},"author":1,"featured_media":0,"parent":0,"menu_order":0,"comment_status":"closed","ping_status":"closed","template":"","meta":{"footnotes":""},"class_list":["post-53405","page","type-page","status-publish","hentry"],"_links":{"self":[{"href":"https:\/\/fornells.immo\/ca\/wp-json\/wp\/v2\/pages\/53405","targetHints":{"allow":["GET"]}}],"collection":[{"href":"https:\/\/fornells.immo\/ca\/wp-json\/wp\/v2\/pages"}],"about":[{"href":"https:\/\/fornells.immo\/ca\/wp-json\/wp\/v2\/types\/page"}],"author":[{"embeddable":true,"href":"https:\/\/fornells.immo\/ca\/wp-json\/wp\/v2\/users\/1"}],"replies":[{"embeddable":true,"href":"https:\/\/fornells.immo\/ca\/wp-json\/wp\/v2\/comments?post=53405"}],"version-history":[{"count":27,"href":"https:\/\/fornells.immo\/ca\/wp-json\/wp\/v2\/pages\/53405\/revisions"}],"predecessor-version":[{"id":53815,"href":"https:\/\/fornells.immo\/ca\/wp-json\/wp\/v2\/pages\/53405\/revisions\/53815"}],"wp:attachment":[{"href":"https:\/\/fornells.immo\/ca\/wp-json\/wp\/v2\/media?parent=53405"}],"curies":[{"name":"wp","href":"https:\/\/api.w.org\/{rel}","templated":true}]}}