{"id":54835,"date":"2025-02-20T17:25:04","date_gmt":"2025-02-20T16:25:04","guid":{"rendered":"https:\/\/fornells.immo\/?page_id=54835"},"modified":"2025-02-20T21:50:07","modified_gmt":"2025-02-20T20:50:07","slug":"nosotros","status":"publish","type":"page","link":"https:\/\/fornells.immo\/ca\/nosotros\/","title":{"rendered":"Nosaltres"},"content":{"rendered":"\t\t<div data-elementor-type=\"wp-page\" data-elementor-id=\"54835\" class=\"elementor elementor-54835 elementor-54776\" data-elementor-post-type=\"page\">\n\t\t\t\t\t\t<section class=\"elementor-section elementor-top-section elementor-element elementor-element-5f6bdcb8 elementor-section-height-min-height elementor-section-boxed elementor-section-height-default elementor-section-items-middle\" data-id=\"5f6bdcb8\" data-element_type=\"section\" id=\"titulo\">\n\t\t\t\t\t\t\t<div class=\"elementor-background-overlay\"><\/div>\n\t\t\t\t\t\t\t<div class=\"elementor-container elementor-column-gap-default\">\n\t\t\t\t\t<div class=\"elementor-column elementor-col-100 elementor-top-column elementor-element elementor-element-1ce6862c\" data-id=\"1ce6862c\" data-element_type=\"column\">\n\t\t\t<div class=\"elementor-widget-wrap elementor-element-populated\">\n\t\t\t\t\t\t\t<\/div>\n\t\t<\/div>\n\t\t\t\t\t<\/div>\n\t\t<\/section>\n\t\t\t\t<section class=\"elementor-section elementor-inner-section elementor-element elementor-element-9c19764 animated-slow elementor-section-boxed elementor-section-height-default elementor-section-height-default\" data-id=\"9c19764\" data-element_type=\"section\" data-settings=\"{&quot;background_background&quot;:&quot;classic&quot;,&quot;animation&quot;:&quot;none&quot;}\">\n\t\t\t\t\t\t\t<div class=\"elementor-background-overlay\"><\/div>\n\t\t\t\t\t\t\t<div class=\"elementor-container elementor-column-gap-no\">\n\t\t\t\t\t<div class=\"elementor-column elementor-col-50 elementor-inner-column elementor-element elementor-element-32838b4\" data-id=\"32838b4\" data-element_type=\"column\" data-settings=\"{&quot;background_background&quot;:&quot;classic&quot;}\">\n\t\t\t<div class=\"elementor-widget-wrap elementor-element-populated\">\n\t\t\t\t\t\t<div class=\"elementor-element elementor-element-e116d99 elementor-widget elementor-widget-image\" data-id=\"e116d99\" data-element_type=\"widget\" data-widget_type=\"image.default\">\n\t\t\t\t<div class=\"elementor-widget-container\">\n\t\t\t\t\t\t\t\t\t\t\t\t\t\t\t<img fetchpriority=\"high\" decoding=\"async\" width=\"600\" height=\"103\" src=\"https:\/\/fornells.immo\/wp-content\/uploads\/2024\/06\/tejadop.png\" class=\"attachment-large size-large wp-image-50864\" alt=\"\" srcset=\"https:\/\/fornells.immo\/wp-content\/uploads\/2024\/06\/tejadop.png 600w, https:\/\/fornells.immo\/wp-content\/uploads\/2024\/06\/tejadop-300x52.png 300w, https:\/\/fornells.immo\/wp-content\/uploads\/2024\/06\/tejadop-592x103.png 592w, https:\/\/fornells.immo\/wp-content\/uploads\/2024\/06\/tejadop-496x85.png 496w\" sizes=\"(max-width: 600px) 100vw, 600px\" \/>\t\t\t\t\t\t\t\t\t\t\t\t\t\t\t<\/div>\n\t\t\t\t<\/div>\n\t\t\t\t<div class=\"elementor-element elementor-element-a36a09b elementor-widget__width-inherit tick elementor-widget elementor-widget-text-editor\" data-id=\"a36a09b\" data-element_type=\"widget\" data-widget_type=\"text-editor.default\">\n\t\t\t\t<div class=\"elementor-widget-container\">\n\t\t\t\t\t\t\t\t\t<h2>\u00a0<\/h2><ol><li><h2><span style=\"font-weight: 400;\">Fornells.immo \u00e9s una immobili\u00e0ria local de Menorca creada recentment per l&#8217;emprenedor i agent immobiliari Paco S\u00e1nchez. Especialista en Negocis Electr\u00f2nics i Expert Professional en Economia i Intermediaci\u00f3 Immobili\u00e0ria. Associat de l\u00b4Associaci\u00f3 Professional d\u00b4Experts Immobiliaris.<br \/><\/span><\/h2><\/li><li><h2><span style=\"font-weight: normal;\">En Fornells.immo somos especialistas en el mercado inmobiliario de Menorca,\u00a0 con amplios conocimientos del mundo online, ofrecemos nuestros servicios de intermediaci\u00f3n inmobiliaria para ayudarle a encontrar la propiedad que est\u00e1 buscando, o vender al mejor precio su propiedad.<\/span><\/h2><\/li><li><h2><span style=\"font-weight: normal;\">Amb Fornells.immo t\u00e9 la garantia que complim amb totes les obligacions legals requerides per a l&#8217;exercici de l&#8217;activitat: asseguran\u00e7a de responsabilitat civil, asseguran\u00e7a de cauci\u00f3, notes d&#8217;enc\u00e0rrec amb els requisits establerts per les lleis, protecci\u00f3 de les seves dades personals, informaci\u00f3 un\u00edvoca i vera\u00e7, etc.<\/span><\/h2><\/li><\/ol>\t\t\t\t\t\t\t\t<\/div>\n\t\t\t\t<\/div>\n\t\t\t\t<div class=\"elementor-element elementor-element-67a95b7 elementor-widget-divider--separator-type-pattern elementor-widget-divider--view-line elementor-widget elementor-widget-divider\" data-id=\"67a95b7\" data-element_type=\"widget\" data-widget_type=\"divider.default\">\n\t\t\t\t<div class=\"elementor-widget-container\">\n\t\t\t\t\t\t\t<div class=\"elementor-divider\" style=\"--divider-pattern-url: url(&quot;data:image\/svg+xml,%3Csvg xmlns=&#039;http:\/\/www.w3.org\/2000\/svg&#039; preserveAspectRatio=&#039;none&#039; overflow=&#039;visible&#039; height=&#039;100%&#039; viewBox=&#039;0 0 24 24&#039; fill=&#039;none&#039; stroke=&#039;black&#039; stroke-width=&#039;1.5&#039; stroke-linecap=&#039;square&#039; stroke-miterlimit=&#039;10&#039;%3E%3Cpolyline points=&#039;0,18 12,6 24,18 &#039;\/%3E%3C\/svg%3E&quot;);\">\n\t\t\t<span class=\"elementor-divider-separator\">\n\t\t\t\t\t\t<\/span>\n\t\t<\/div>\n\t\t\t\t\t\t<\/div>\n\t\t\t\t<\/div>\n\t\t\t\t<div class=\"elementor-element elementor-element-4b15eb3 elementor-widget__width-inherit elementor-widget elementor-widget-text-editor\" data-id=\"4b15eb3\" data-element_type=\"widget\" data-widget_type=\"text-editor.default\">\n\t\t\t\t<div class=\"elementor-widget-container\">\n\t\t\t\t\t\t\t\t\t<h2>PER QU\u00c8 TREBALLAR AMB NOSALTRES ?<\/h2>\t\t\t\t\t\t\t\t<\/div>\n\t\t\t\t<\/div>\n\t\t\t\t<div class=\"elementor-element elementor-element-2b37e94 elementor-widget__width-inherit tick elementor-widget elementor-widget-text-editor\" data-id=\"2b37e94\" data-element_type=\"widget\" data-widget_type=\"text-editor.default\">\n\t\t\t\t<div class=\"elementor-widget-container\">\n\t\t\t\t\t\t\t\t\t<h2>&nbsp;<\/h2>\n<ol>\n<li>\n<h2><span style=\"font-weight: 400;\">Estem especialitzats en el mercat immobiliari de Menorca.&nbsp;<\/span><\/h2>\n<\/li>\n<li>\n<h2><span style=\"font-weight: normal; text-transform: inherit;\">La nostra atenci\u00f3 \u00e9s molt personitzada.<\/span><\/h2>\n<\/li>\n<li>\n<h2><span style=\"font-weight: normal;\">Us mantindrem informat en tot moment de l&#8217;evoluci\u00f3 del proc\u00e9s de la seva compra o venda.<br><br><br><\/span><\/h2><\/li>\n<\/ol>\t\t\t\t\t\t\t\t<\/div>\n\t\t\t\t<\/div>\n\t\t\t\t\t<\/div>\n\t\t<\/div>\n\t\t\t\t<div class=\"elementor-column elementor-col-50 elementor-inner-column elementor-element elementor-element-f6a29b3\" data-id=\"f6a29b3\" data-element_type=\"column\" data-settings=\"{&quot;background_background&quot;:&quot;classic&quot;}\">\n\t\t\t<div class=\"elementor-widget-wrap elementor-element-populated\">\n\t\t\t\t\t\t<div class=\"elementor-element elementor-element-34fc419 elementor-widget elementor-widget-image-carousel\" data-id=\"34fc419\" data-element_type=\"widget\" data-settings=\"{&quot;slides_to_show&quot;:&quot;1&quot;,&quot;navigation&quot;:&quot;none&quot;,&quot;autoplay&quot;:&quot;yes&quot;,&quot;pause_on_hover&quot;:&quot;yes&quot;,&quot;pause_on_interaction&quot;:&quot;yes&quot;,&quot;autoplay_speed&quot;:5000,&quot;infinite&quot;:&quot;yes&quot;,&quot;effect&quot;:&quot;slide&quot;,&quot;speed&quot;:500}\" data-widget_type=\"image-carousel.default\">\n\t\t\t\t<div class=\"elementor-widget-container\">\n\t\t\t\t\t\t\t<div class=\"elementor-image-carousel-wrapper swiper\" role=\"region\" aria-roledescription=\"carousel\" aria-label=\"Carrusel de im\u00e1genes\" dir=\"ltr\">\n\t\t\t<div class=\"elementor-image-carousel swiper-wrapper\" aria-live=\"off\">\n\t\t\t\t\t\t\t\t<div class=\"swiper-slide\" role=\"group\" aria-roledescription=\"slide\" aria-label=\"1 de 1\"><figure class=\"swiper-slide-inner\"><img decoding=\"async\" class=\"swiper-slide-image\" src=\"https:\/\/fornells.immo\/wp-content\/uploads\/2025\/02\/puesta-sol.jpg\" alt=\"puesta-sol\" \/><\/figure><\/div>\t\t\t<\/div>\n\t\t\t\t\t<\/div>\n\t\t\t\t\t\t<\/div>\n\t\t\t\t<\/div>\n\t\t\t\t<div class=\"elementor-element elementor-element-2c1896f elementor-widget__width-inherit elementor-widget elementor-widget-text-editor\" data-id=\"2c1896f\" data-element_type=\"widget\" data-widget_type=\"text-editor.default\">\n\t\t\t\t<div class=\"elementor-widget-container\">\n\t\t\t\t\t\t\t\t\t<h2 style=\"text-transform: none; width: 574px;\">\u00a0<\/h2><h2 style=\"text-transform: none; width: 574px;\">LA NOSTRA MISI\u00d3<br \/><span style=\"font-weight: normal; text-transform: inherit;\"><br \/>Proporcionem serveis d&#8217;intermediaci\u00f3 immobili\u00e0ria per ajudar els venedors a aconseguir efica\u00e7ment els seus objectius de venda. I ajudem els compradors a trobar la propietat que busquen en el menor temps possible i al millor preu del mercat.\u00a0<\/span><\/h2><div><span style=\"font-weight: normal;\">\u00a0<\/span><\/div>\t\t\t\t\t\t\t\t<\/div>\n\t\t\t\t<\/div>\n\t\t\t\t<div class=\"elementor-element elementor-element-8f0e8e0 elementor-widget__width-inherit elementor-widget elementor-widget-text-editor\" data-id=\"8f0e8e0\" data-element_type=\"widget\" data-widget_type=\"text-editor.default\">\n\t\t\t\t<div class=\"elementor-widget-container\">\n\t\t\t\t\t\t\t\t\t<h2 style=\"text-transform: none; width: 574px;\">LA NOSTRA VISI\u00d3<\/h2><h2 style=\"text-transform: none; width: 574px;\"><span style=\"font-weight: normal;\">\u00a0<\/span><\/h2><h2 style=\"text-transform: none; width: 574px;\"><span style=\"font-weight: normal;\">El nostre desig \u00e9s arribar a ser reconeguts com a agents immobiliaris experts a Menorca que ajuden amb serveis de qualitat els seus clients a aconseguir de manera efica\u00e7 els seus prop\u00f2sits.<\/span><\/h2><div><span style=\"font-weight: normal;\">\u00a0<\/span><\/div><div>\u00a0<\/div>\t\t\t\t\t\t\t\t<\/div>\n\t\t\t\t<\/div>\n\t\t\t\t<div class=\"elementor-element elementor-element-f63b9b2 elementor-widget__width-inherit elementor-widget elementor-widget-text-editor\" data-id=\"f63b9b2\" data-element_type=\"widget\" data-widget_type=\"text-editor.default\">\n\t\t\t\t<div class=\"elementor-widget-container\">\n\t\t\t\t\t\t\t\t\t<h2 style=\"text-transform: none; width: 574px;\">ELS NOSTRES VALORS<\/h2><h2 style=\"text-transform: none; width: 574px;\"><span style=\"font-weight: normal;\">\u00a0<\/span><\/h2><h2 style=\"text-transform: none; width: 574px;\"><span style=\"font-weight: normal;\">Els valors que inspiren la nostra tasca s\u00f3n la vocaci\u00f3 d&#8217;ajudar, la transpar\u00e8ncia, la bona fe, l&#8217;honestedat i la simplicitat. <\/span><\/h2>\t\t\t\t\t\t\t\t<\/div>\n\t\t\t\t<\/div>\n\t\t\t\t\t<\/div>\n\t\t<\/div>\n\t\t\t\t\t<\/div>\n\t\t<\/section>\n\t\t\t\t<\/div>\n\t\t","protected":false},"excerpt":{"rendered":"<p>\u00a0 Fornells.immo \u00e9s una immobili\u00e0ria local de Menorca creada recentment per l&#8217;emprenedor i agent immobiliari Paco S\u00e1nchez. Especialista en Negocis Electr\u00f2nics i Expert Professional en Economia i Intermediaci\u00f3 Immobili\u00e0ria. Associat de l\u00b4Associaci\u00f3 Professional d\u00b4Experts Immobiliaris. En Fornells.immo somos especialistas en el mercado inmobiliario de Menorca,\u00a0 con amplios conocimientos del mundo online, ofrecemos nuestros servicios de [&hellip;]<\/p>\n","protected":false},"author":1,"featured_media":0,"parent":0,"menu_order":0,"comment_status":"closed","ping_status":"closed","template":"","meta":{"footnotes":""},"class_list":["post-54835","page","type-page","status-publish","hentry"],"_links":{"self":[{"href":"https:\/\/fornells.immo\/ca\/wp-json\/wp\/v2\/pages\/54835","targetHints":{"allow":["GET"]}}],"collection":[{"href":"https:\/\/fornells.immo\/ca\/wp-json\/wp\/v2\/pages"}],"about":[{"href":"https:\/\/fornells.immo\/ca\/wp-json\/wp\/v2\/types\/page"}],"author":[{"embeddable":true,"href":"https:\/\/fornells.immo\/ca\/wp-json\/wp\/v2\/users\/1"}],"replies":[{"embeddable":true,"href":"https:\/\/fornells.immo\/ca\/wp-json\/wp\/v2\/comments?post=54835"}],"version-history":[{"count":14,"href":"https:\/\/fornells.immo\/ca\/wp-json\/wp\/v2\/pages\/54835\/revisions"}],"predecessor-version":[{"id":54863,"href":"https:\/\/fornells.immo\/ca\/wp-json\/wp\/v2\/pages\/54835\/revisions\/54863"}],"wp:attachment":[{"href":"https:\/\/fornells.immo\/ca\/wp-json\/wp\/v2\/media?parent=54835"}],"curies":[{"name":"wp","href":"https:\/\/api.w.org\/{rel}","templated":true}]}}