{"id":51292,"date":"2024-07-10T18:09:54","date_gmt":"2024-07-10T16:09:54","guid":{"rendered":"https:\/\/fornells.immo\/aviso-legal\/"},"modified":"2024-08-09T18:16:57","modified_gmt":"2024-08-09T16:16:57","slug":"mentions-legales","status":"publish","type":"page","link":"https:\/\/fornells.immo\/fr\/mentions-legales\/","title":{"rendered":"Mentions L\u00e9gales"},"content":{"rendered":"\t\t<div data-elementor-type=\"wp-page\" data-elementor-id=\"51292\" class=\"elementor elementor-51292 elementor-50939\" data-elementor-post-type=\"page\">\n\t\t\t\t\t\t<section class=\"elementor-section elementor-top-section elementor-element elementor-element-6f46179 elementor-section-height-min-height elementor-section-boxed elementor-section-height-default elementor-section-items-middle\" data-id=\"6f46179\" data-element_type=\"section\">\n\t\t\t\t\t\t\t<div class=\"elementor-background-overlay\"><\/div>\n\t\t\t\t\t\t\t<div class=\"elementor-container elementor-column-gap-default\">\n\t\t\t\t\t<div class=\"elementor-column elementor-col-100 elementor-top-column elementor-element elementor-element-f7dd171\" data-id=\"f7dd171\" data-element_type=\"column\">\n\t\t\t<div class=\"elementor-widget-wrap elementor-element-populated\">\n\t\t\t\t\t\t\t<\/div>\n\t\t<\/div>\n\t\t\t\t\t<\/div>\n\t\t<\/section>\n\t\t\t\t<section class=\"elementor-section elementor-top-section elementor-element elementor-element-749a382 elementor-section-boxed elementor-section-height-default elementor-section-height-default\" data-id=\"749a382\" data-element_type=\"section\">\n\t\t\t\t\t\t<div class=\"elementor-container elementor-column-gap-default\">\n\t\t\t\t\t<div class=\"elementor-column elementor-col-100 elementor-top-column elementor-element elementor-element-da2279f\" data-id=\"da2279f\" data-element_type=\"column\">\n\t\t\t<div class=\"elementor-widget-wrap elementor-element-populated\">\n\t\t\t\t\t\t<div class=\"elementor-element elementor-element-d020e3a elementor-widget__width-initial elementor-widget elementor-widget-text-editor\" data-id=\"d020e3a\" data-element_type=\"widget\" data-widget_type=\"text-editor.default\">\n\t\t\t\t<div class=\"elementor-widget-container\">\n\t\t\t\t\t\t\t\t\t<h6><i style=\"font-size: 1rem; text-transform: inherit;\"><br><\/i><\/h6>\n<h6><i style=\"\">Derni\u00e8re mise \u00e0 jour<span style=\"font-size: 1rem; text-transform: inherit;\">: 10\/07\/2024<\/span><\/i><br><\/h6>\n<p><br>Pour acc\u00e9der \u00e0 nos services, vous d\u00e9clarez que vous \u00eates majeur et disposez de la capacit\u00e9 juridique suffisante pour utiliser nos services, conform\u00e9ment \u00e0 votre droit national. L&#8217;acc\u00e8s et la navigation sur le site Web, ou l&#8217;utilisation de ses services, impliquent l&#8217;acceptation expresse et enti\u00e8re de chacune des pr\u00e9sentes mentions l\u00e9gales ainsi que des politiques de confidentialit\u00e9 et de cookies, li\u00e9es \u00e0 la r\u00e9glementation en vigueur en mati\u00e8re de protection des donn\u00e9es personnelles. . Nous vous recommandons de les lire attentivement pour savoir quel type de donn\u00e9es sont collect\u00e9es via notre Site Internet, \u00e0 quelles fins et quels droits y aff\u00e9rents vous concernent.<\/p>\n<h2><br>1.- Information L\u00e9gale<\/h2>\n<p>Conform\u00e9ment \u00e0 la loi 34\/2002 du 11 juillet relative aux services de la soci\u00e9t\u00e9 de l&#8217;information et au commerce \u00e9lectronique, les donn\u00e9es d&#8217;identification du propri\u00e9taire du portail Web FORNELLS.immo sont :<\/p>\n<p><b>D\u00e9nomination Sociale:<\/b> Francisco S\u00e1nchez Larrosa<br><b>NIF:<\/b> 33884551P<\/p>\n<p>Pour toute question ou requ\u00eate, vous pouvez nous contacter par email : info@fornells.immo<\/p>\n<p>L&#8217;acc\u00e8s au site implique l&#8217;acceptation expresse par l&#8217;Utilisateur des pr\u00e9sentes Conditions G\u00e9n\u00e9rales d&#8217;Utilisation, qui pourront \u00eatre modifi\u00e9es en tout ou partie ou remplac\u00e9es par d&#8217;autres, par son propri\u00e9taire et \u00e0 tout moment sans pr\u00e9avis. Nous vous recommandons d&#8217;acc\u00e9der de temps \u00e0 autre \u00e0 ces conditions pour v\u00e9rifier les \u00e9ventuelles modifications, qui seront publi\u00e9es dans la m\u00eame rubrique.<\/p>\n<h2 style=\"text-transform: none; width: 1120px;\"><br>2.- Conditions g\u00e9n\u00e9rales d&#8217;utilisation<\/h2>\n<p>Les Conditions G\u00e9n\u00e9rales suivantes r\u00e9gissent l&#8217;utilisation et l&#8217;acc\u00e8s au portail Web, dont le but est d&#8217;\u00e9tablir des lignes directrices pour une bonne utilisation et un bon comportement de celui-ci. Le portail web FORNELLS.immo met \u00e0 disposition des utilisateurs des informations sur l&#8217;utilisation, les services et les contenus h\u00e9berg\u00e9s sur le Web. Gr\u00e2ce \u00e0 cela, l&#8217;Utilisateur a acc\u00e8s \u00e0 des informations sur des produits et services sp\u00e9cifiques, des outils et des applications.<\/p>\n<p>L&#8217;Utilisateur s&#8217;engage \u00e0 faire un usage appropri\u00e9 des contenus, services, applications et outils accessibles, sous r\u00e9serve de la Loi et des pr\u00e9sentes Conditions G\u00e9n\u00e9rales d&#8217;Utilisation et, le cas \u00e9ch\u00e9ant, des Conditions Particuli\u00e8res pouvant \u00eatre \u00e9tablies pour l&#8217;acc\u00e8s \u00e0 certains services et applications, en respectant \u00e0 tout moment les autres utilisateurs de celui-ci.<\/p>\n<p>En cas de non-respect total et\/ou partiel par l&#8217;Utilisateur des pr\u00e9sentes Conditions G\u00e9n\u00e9rales d&#8217;Utilisation, FORNELLS.immo se r\u00e9serve le droit de refuser l&#8217;acc\u00e8s au Site Internet, sans pr\u00e9avis \u00e0 l&#8217;Utilisateur.<\/p>\n<h2 style=\"text-transform: none; width: 1120px;\"><br>3.- Obligations de l&#8217;utilisateur<\/h2>\n<p>L&#8217;Utilisateur, en acceptant les pr\u00e9sentes Conditions G\u00e9n\u00e9rales d&#8217;Utilisation, s&#8217;engage express\u00e9ment \u00e0 :<\/p>\n<p>&#8211; Ne r\u00e9aliser aucune action visant \u00e0 endommager, bloquer, endommager, d\u00e9sactiver, surcharger, temporairement ou d\u00e9finitivement, les fonctionnalit\u00e9s, outils, contenus et\/ou infrastructures du site Web, de mani\u00e8re \u00e0 emp\u00eacher son utilisation normale.<\/p>\n<p>&#8211; Garder et maintenir la confidentialit\u00e9 des codes d&#8217;acc\u00e8s associ\u00e9s \u00e0 votre nom d&#8217;utilisateur, en \u00e9tant responsable de l&#8217;utilisation desdits codes d&#8217;acc\u00e8s personnels et incessibles par des tiers.<\/p>\n<p>&#8211; Ne pas introduire ou cr\u00e9er de contenu diffamatoire ou calomnieux, tant de la part d&#8217;autres Utilisateurs que de soci\u00e9t\u00e9s tierces ext\u00e9rieures \u00e0 FORNELLS.immo.<\/p>\n<p>&#8211; N&#8217;utilisez aucun des \u00e9l\u00e9ments et informations contenus sur ce site Web \u00e0 des fins ill\u00e9gales et\/ou express\u00e9ment interdites dans les pr\u00e9sentes conditions g\u00e9n\u00e9rales d&#8217;utilisation, ainsi que dans les conditions particuli\u00e8res qui, le cas \u00e9ch\u00e9ant, sont \u00e9tablies pour certaines applications et\/ou utilitaires et contraires aux droits et int\u00e9r\u00eats de FORNELLS.immo, de ses utilisateurs et\/ou de tiers.<\/p>\n<p>&#8211; Ne pas proposer ou distribuer de produits et services, ni effectuer de publicit\u00e9s ou de communications commerciales non sollicit\u00e9es aupr\u00e8s des autres Utilisateurs et visiteurs de FORNELL.immo.<\/p>\n<p>&#8211; L&#8217;Utilisateur sera responsable de tous dommages et pertes de toute nature que FORNELLS.immo ou tout tiers pourrait subir du fait du non-respect de l&#8217;une quelconque des obligations auxquelles il est soumis en vertu des pr\u00e9sentes \u00ab Conditions G\u00e9n\u00e9rales d&#8217;Utilisation \u00bb. \u00bb ou la loi relative \u00e0 l&#8217;acc\u00e8s et\/ou \u00e0 l&#8217;utilisation de la page.<\/p>\n<h2 style=\"text-transform: none; width: 1120px;\"><br>4.- Propri\u00e9t\u00e9 intellectuelle et industrielle<\/h2>\n<p>Le site Internet, les pages qu&#8217;il comprend et les informations ou \u00e9l\u00e9ments qui y sont contenus (y compris les textes, documents, photographies, dessins, repr\u00e9sentations graphiques, dont il est propri\u00e9taire ou dont les tiers qui autorisent le propri\u00e9taire \u00e0 les utiliser sont propri\u00e9taires, notamment autres), ainsi que les logos, marques, noms commerciaux ou autres signes distinctifs, sont prot\u00e9g\u00e9s par des droits de propri\u00e9t\u00e9 intellectuelle et\/ou industrielle, dont FORNELLS.immo est propri\u00e9taire ou dispose de l&#8217;autorisation pour leur utilisation et la communication publique des l\u00e9gitimes. d\u00e9tenteurs de ceux-ci.<\/p>\n<p>L&#8217;Utilisateur s&#8217;engage \u00e0 utiliser le contenu avec diligence et correctement, conform\u00e9ment \u00e0 la loi, aux bonnes m\u0153urs et \u00e0 l&#8217;ordre public. FORNELLS.immo autorise l&#8217;Utilisateur \u00e0 visualiser les informations contenues sur ce site, ainsi qu&#8217;\u00e0 en r\u00e9aliser des reproductions priv\u00e9es (simple activit\u00e9 de t\u00e9l\u00e9chargement et de stockage dans ses syst\u00e8mes informatiques), dans la mesure o\u00f9 les \u00e9l\u00e9ments sont destin\u00e9s uniquement \u00e0 un usage personnel. En aucun cas, cela ne signifiera une autorisation ou une licence sur les droits de propri\u00e9t\u00e9 de FORNELLS.immo ou de leurs propri\u00e9taires l\u00e9gitimes.<\/p>\n<p>L&#8217;Utilisateur n&#8217;est pas autoris\u00e9 \u00e0 proc\u00e9der \u00e0 la distribution, \u00e0 la modification, au transfert ou \u00e0 la communication publique des informations contenues sur ce Site sous quelque forme et quelle que soit sa finalit\u00e9.<\/p>\n<h2 style=\"text-transform: none; width: 1120px;\"><br>5.- Liens<\/h2>\n<p>Les connexions et liens vers des sites Internet ou des pages Internet de tiers ont \u00e9t\u00e9 \u00e9tablis uniquement \u00e0 titre d&#8217;utilit\u00e9 pour l&#8217;Utilisateur. FORNELLS.immo n&#8217;est, en aucun cas, responsable de ceux-ci ou de leur contenu.<\/p>\n<p>FORNELLS.immo n&#8217;assume aucune responsabilit\u00e9 d\u00e9riv\u00e9e de l&#8217;existence de liens entre le contenu de ce site et du contenu situ\u00e9 en dehors de celui-ci ou de toute autre mention de contenu ext\u00e9rieur \u00e0 ce site. De tels liens ou mentions ont un but exclusivement informatif et n&#8217;impliquent en aucun cas le soutien, l&#8217;approbation, la commercialisation ou toute relation entre FORNELLS.immo et les personnes ou entit\u00e9s qui sont les auteurs et\/ou gestionnaires de tels contenus ou propri\u00e9taires des sites. o\u00f9 ils se trouvent.<\/p>\n<p>Pour \u00e9tablir des liens vers le site Web, l&#8217;autorisation \u00e9crite expresse des propri\u00e9taires du portail sera n\u00e9cessaire.<\/p>\n<p><br><\/p>\n<h2 style=\"text-transform: none; width: 1120px;\">6.- Responsabilit\u00e9<\/h2>\n<p>FORNELLS.immo ne garantit pas l&#8217;acc\u00e8s continu, ni la visualisation, le t\u00e9l\u00e9chargement ou l&#8217;utilisation correcte des \u00e9l\u00e9ments et informations contenus dans les pages du portail qui pourraient \u00eatre emp\u00each\u00e9s, entrav\u00e9s ou interrompus par des facteurs ou des circonstances ind\u00e9pendantes de sa volont\u00e9 ou ind\u00e9pendantes de sa volont\u00e9, ni ceux qui sont produits par l\u2019existence de virus informatiques sur Internet.<\/p>\n<p>FORNELL.immo n&#8217;assume aucune responsabilit\u00e9 pour les dommages, pertes, r\u00e9clamations ou d\u00e9penses, caus\u00e9s par :<\/p>\n<p>(i) Interf\u00e9rences, interruptions, pannes, omissions, retards, blocages ou d\u00e9connexions, caus\u00e9s par des erreurs dans les lignes et r\u00e9seaux de t\u00e9l\u00e9communications ou par toute autre cause ind\u00e9pendante de la volont\u00e9 de FORNELLS.immo.<\/p>\n<p>(ii) Intrusions ill\u00e9gitimes par utilisation de programmes malveillants de toute nature et par tout moyen de communication, tels que virus informatiques ou tout autre ;<\/p>\n<p>(iii) Utilisation abusive ou inappropri\u00e9e du site FORNELLS.immo<\/p>\n<p>(iv) Erreurs de s\u00e9curit\u00e9 ou de navigation caus\u00e9es par un dysfonctionnement du navigateur ou par l&#8217;utilisation de versions obsol\u00e8tes.<\/p>\n<p>FORNELLS.immo n&#8217;est pas responsable et ne sera en aucun cas responsable envers les utilisateurs et\/ou les tiers des actes de toute personne autre que FORNELLS.immo qui entra\u00eenent ou peuvent impliquer des actes de concurrence d\u00e9loyale et de publicit\u00e9 illicite ou de violation des droits. de propri\u00e9t\u00e9 intellectuelle et industrielle, secrets d&#8217;affaires, engagements contractuels de toute nature, droits \u00e0 l&#8217;honneur, \u00e0 la vie priv\u00e9e et familiale et \u00e0 l&#8217;image, droits de propri\u00e9t\u00e9 et de toute autre nature appartenant \u00e0 un tiers \u00e0 quelque titre que ce soit de transmission, de diffusion, de stockage, de r\u00e9alisation. disponible, la r\u00e9ception, l&#8217;obtention ou l&#8217;acc\u00e8s au contenu.<\/p>\n<p><br><\/p>\n<h2 style=\"text-transform: none; width: 1120px;\">7.- Protection des donn\u00e9es personnelles<\/h2>\n<p>Vous trouverez l&#8217;int\u00e9gralit\u00e9 de la politique de traitement des donn\u00e9es personnelles dans la Politique de Confidentialit\u00e9, qui fait partie int\u00e9grante des pr\u00e9sentes Conditions G\u00e9n\u00e9rales mais que, par souci de simplicit\u00e9, nous avons mise dans un document s\u00e9par\u00e9 : Politique de Confidentialit\u00e9.<br><\/p>\n<p><br><\/p>\n<h2 style=\"text-transform: none; width: 1120px;\">8.- Juridiction comp\u00e9tente<\/h2>\n<p>Cet avis juridique et ses termes et conditions seront r\u00e9gis et interpr\u00e9t\u00e9s conform\u00e9ment \u00e0 la l\u00e9gislation espagnole. L&#8217;utilisateur, du simple fait d&#8217;acc\u00e9der au site Web ou d&#8217;obtenir le statut d&#8217;utilisateur enregistr\u00e9, donne son consentement irr\u00e9vocable \u00e0 ce que les tribunaux comp\u00e9tents puissent conna\u00eetre par d\u00e9faut de toute action judiciaire d\u00e9riv\u00e9e ou li\u00e9e \u00e0 ces conditions ou \u00e0 votre utilisation de celles-ci. Site ou la navigation effectu\u00e9e par celui-ci.<\/p><p>Si une clause ou un article des pr\u00e9sentes Conditions G\u00e9n\u00e9rales, qui n&#8217;est pas indispensable \u00e0 leur existence, est d\u00e9clar\u00e9 nul ou inapplicable, cela n&#8217;affectera pas la validit\u00e9 des autres.<\/p>\n<p><br><\/p>\t\t\t\t\t\t\t\t<\/div>\n\t\t\t\t<\/div>\n\t\t\t\t\t<\/div>\n\t\t<\/div>\n\t\t\t\t\t<\/div>\n\t\t<\/section>\n\t\t\t\t<\/div>\n\t\t","protected":false},"excerpt":{"rendered":"<p>Derni\u00e8re mise \u00e0 jour: 10\/07\/2024 Pour acc\u00e9der \u00e0 nos services, vous d\u00e9clarez que vous \u00eates majeur et disposez de la capacit\u00e9 juridique suffisante pour utiliser nos services, conform\u00e9ment \u00e0 votre droit national. L&#8217;acc\u00e8s et la navigation sur le site Web, ou l&#8217;utilisation de ses services, impliquent l&#8217;acceptation expresse et enti\u00e8re de chacune des pr\u00e9sentes mentions [&hellip;]<\/p>\n","protected":false},"author":1,"featured_media":0,"parent":0,"menu_order":0,"comment_status":"closed","ping_status":"closed","template":"","meta":{"footnotes":""},"class_list":["post-51292","page","type-page","status-publish","hentry"],"_links":{"self":[{"href":"https:\/\/fornells.immo\/fr\/wp-json\/wp\/v2\/pages\/51292","targetHints":{"allow":["GET"]}}],"collection":[{"href":"https:\/\/fornells.immo\/fr\/wp-json\/wp\/v2\/pages"}],"about":[{"href":"https:\/\/fornells.immo\/fr\/wp-json\/wp\/v2\/types\/page"}],"author":[{"embeddable":true,"href":"https:\/\/fornells.immo\/fr\/wp-json\/wp\/v2\/users\/1"}],"replies":[{"embeddable":true,"href":"https:\/\/fornells.immo\/fr\/wp-json\/wp\/v2\/comments?post=51292"}],"version-history":[{"count":10,"href":"https:\/\/fornells.immo\/fr\/wp-json\/wp\/v2\/pages\/51292\/revisions"}],"predecessor-version":[{"id":52590,"href":"https:\/\/fornells.immo\/fr\/wp-json\/wp\/v2\/pages\/51292\/revisions\/52590"}],"wp:attachment":[{"href":"https:\/\/fornells.immo\/fr\/wp-json\/wp\/v2\/media?parent=51292"}],"curies":[{"name":"wp","href":"https:\/\/api.w.org\/{rel}","templated":true}]}}