{"id":51327,"date":"2024-07-10T19:31:10","date_gmt":"2024-07-10T17:31:10","guid":{"rendered":"https:\/\/fornells.immo\/?page_id=51327"},"modified":"2024-08-09T18:17:17","modified_gmt":"2024-08-09T16:17:17","slug":"politique-de-confidentialite","status":"publish","type":"page","link":"https:\/\/fornells.immo\/fr\/politique-de-confidentialite\/","title":{"rendered":"Politique de confidentialit\u00e9"},"content":{"rendered":"\t\t<div data-elementor-type=\"wp-page\" data-elementor-id=\"51327\" class=\"elementor elementor-51327 elementor-50948\" data-elementor-post-type=\"page\">\n\t\t\t\t\t\t<section class=\"elementor-section elementor-top-section elementor-element elementor-element-6f46179 elementor-section-height-min-height elementor-section-boxed elementor-section-height-default elementor-section-items-middle\" data-id=\"6f46179\" data-element_type=\"section\">\n\t\t\t\t\t\t\t<div class=\"elementor-background-overlay\"><\/div>\n\t\t\t\t\t\t\t<div class=\"elementor-container elementor-column-gap-default\">\n\t\t\t\t\t<div class=\"elementor-column elementor-col-100 elementor-top-column elementor-element elementor-element-f7dd171\" data-id=\"f7dd171\" data-element_type=\"column\">\n\t\t\t<div class=\"elementor-widget-wrap elementor-element-populated\">\n\t\t\t\t\t\t\t<\/div>\n\t\t<\/div>\n\t\t\t\t\t<\/div>\n\t\t<\/section>\n\t\t\t\t<section class=\"elementor-section elementor-top-section elementor-element elementor-element-749a382 elementor-section-boxed elementor-section-height-default elementor-section-height-default\" data-id=\"749a382\" data-element_type=\"section\">\n\t\t\t\t\t\t<div class=\"elementor-container elementor-column-gap-default\">\n\t\t\t\t\t<div class=\"elementor-column elementor-col-100 elementor-top-column elementor-element elementor-element-da2279f\" data-id=\"da2279f\" data-element_type=\"column\">\n\t\t\t<div class=\"elementor-widget-wrap elementor-element-populated\">\n\t\t\t\t\t\t<div class=\"elementor-element elementor-element-d020e3a elementor-widget__width-initial elementor-widget elementor-widget-text-editor\" data-id=\"d020e3a\" data-element_type=\"widget\" data-widget_type=\"text-editor.default\">\n\t\t\t\t<div class=\"elementor-widget-container\">\n\t\t\t\t\t\t\t\t\t<h6><i style=\"font-size: 1rem; text-transform: inherit;\"><br><\/i><\/h6>\n<h6>Derni\u00e8re mise \u00e0 jour<i style=\"font-size: 1rem; text-transform: inherit;\">: 10\/07\/2024<\/i><br><\/h6>\n<p><br><\/p>\n<p>Les donn\u00e9es personnelles sont certaines informations sur une personne physique qui permettent de l&#8217;identifier d&#8217;une mani\u00e8re ou d&#8217;une autre, de la localiser par un certain moyen ou de la contacter. Par exemple, le nom, l&#8217;identifiant, le num\u00e9ro de t\u00e9l\u00e9phone ou l&#8217;e-mail sont des donn\u00e9es personnelles. La loi impose \u00e0 ceux qui utilisent ce type de donn\u00e9es de prendre certaines mesures pour les prot\u00e9ger. Dans cette d\u00e9claration de confidentialit\u00e9, nous expliquons comment FORNELLS.immo prot\u00e8ge et garantit la s\u00e9curit\u00e9 de vos donn\u00e9es personnelles.<\/p>\n<p>Principes sur lesquels nous basons l&#8217;utilisation des donn\u00e9es dans FORNELLS.immo<\/p>\n<p>1- FORNELLS.immo ne commercialise pas, et ne commercialisera en aucun cas les donn\u00e9es collect\u00e9es via notre site Internet.<\/p>\n<p>2- FORNELLS.immo n&#8217;\u00e9change de donn\u00e9es avec aucune organisation \u00e0 but lucratif ou non.<\/p>\n<p>3- FORNELLS,immo met tous les moyens \u00e0 sa disposition pour que les donn\u00e9es collect\u00e9es soient s\u00e9curis\u00e9es<\/p>\n<p>4- L&#8217;utilisation des donn\u00e9es des personnes qui nous les fournissent est pour leur offrir des produits et services li\u00e9s \u00e0 l&#8217;activit\u00e9 d&#8217;agent immobilier, ce qui consistera essentiellement \u00e0 offrir \u00e0 la personne qui fournit ses donn\u00e9es des informations sur les propri\u00e9t\u00e9s \u00e0 vendre, des conseils sur le processus d&#8217;achat-vente, des conseils sur les questions juridiques et financi\u00e8res li\u00e9es au processus d&#8217;achat-vente, des informations sur nos produits et services et leurs conditions, leur proposer efficacement les services qu&#8217;ils louent chez nous, communiquer avec eux, publier leurs propri\u00e9t\u00e9s, cr\u00e9er des contrats, etc.<\/p>\n<p><br><\/p>\n<h2 style=\"text-transform: none; width: 1113.98px;\">Qui est responsable du traitement de vos donn\u00e9es personnelles ?<\/h2>\n<div><br><\/div>\n<p>Le responsable est : Francisco S\u00e1nchez Larrosa avec DNI 33884551P<\/p>\n<p>En cas de doute ou de question sur tout aspect concernant la confidentialit\u00e9, vous pouvez le communiquer \u00e0 l&#8217;adresse email info@fornells.immo<\/p>\n<p>Si vous n&#8217;\u00eates pas d&#8217;accord avec cette d\u00e9claration de confidentialit\u00e9, veuillez ne pas nous laisser vos donn\u00e9es.<\/p>\n<p><br><\/p>\n<h2 style=\"text-transform: none; width: 1113.98px;\">Quelles donn\u00e9es personnelles traitons-nous ?<\/h2>\n<p>Vos donn\u00e9es personnelles ont \u00e9t\u00e9 obtenues via le portail Web FORNELLS.immo, soit en raison des relations que vous entretenez actuellement avec nous, soit parce que vous avez demand\u00e9 que nous vous envoyions des informations via les formulaires de notre site Web ou les formulaires des portails sur lesquels nous avons localis\u00e9 des annonces immobili\u00e8res. .<br><\/p>\n<p><br><\/p>\n<h2>Quelles donn\u00e9es personnelles traitons-nous ?<\/h2>\n<p>En fonction de la nature de notre relation avec vous, nous traiterons plus ou moins les donn\u00e9es, celles-ci \u00e9tant dans tous les cas n\u00e9cessaires, appropri\u00e9es et pertinentes, conform\u00e9ment \u00e0 la finalit\u00e9 poursuivie.<br><\/p>\n<p><br><\/p>\n<h2>1-&nbsp;Formulaire de contact<\/h2>\n<p>La collecte de donn\u00e9es personnelles dans le formulaire de contact a pour finalit\u00e9 exclusive de r\u00e9pondre aux probl\u00e9matiques que vous soulevez. Pour ce faire, nous avons besoin que vous nous fournissiez votre nom, pr\u00e9nom et adresse e-mail. Lorsque vous remplissez le formulaire, aucune autre donn\u00e9e personnelle ne doit \u00eatre saisie dans la ligne objet.<br><br><\/p>\n<h2>2- Formulaire de contact maintenant<\/h2>\n<p>La collecte et le traitement de ces donn\u00e9es ont pour but de vous proposer des informations sur les biens \u00e0 vendre qui vous int\u00e9ressent. Pour ce faire, nous avons besoin que vous nous fournissiez votre nom, votre num\u00e9ro de t\u00e9l\u00e9phone et votre adresse e-mail.<br><br><\/p>\n<h2>3- Formulaire Acheter une maison \u00e0 Minorque<\/h2>\n<p>La collecte et le traitement de ces donn\u00e9es ont pour but de vous proposer des informations sur les biens \u00e0 vendre qui vous int\u00e9ressent. Pour ce faire, nous avons besoin que vous nous fournissiez votre nom, votre num\u00e9ro de t\u00e9l\u00e9phone et votre adresse e-mail.<\/p>\n<p><br><\/p>\n<h2 style=\"text-transform: none; width: 1120px;\">4- Formulaire pour vendre votre maison avec FORNELLS.immo<\/h2>\n<p>La collecte et le traitement de ces donn\u00e9es ont pour but de vous proposer nos produits et services pour vous aider \u00e0 vendre votre maison.<\/p>\n<p>Nous vous informons \u00e9galement que nous traiterons toutes les donn\u00e9es suppl\u00e9mentaires que vous nous fournissez volontairement lors des futures relations et interactions que vous entretenez avec FORNELLS.immo, y compris celles que vous nous fournissez via un r\u00e9seau social ou autre application. Ces donn\u00e9es d\u00e9pendent de vos propres param\u00e8tres de confidentialit\u00e9, de votre utilisation du r\u00e9seau social ou de l&#8217;application, ainsi que des politiques de confidentialit\u00e9 de chaque r\u00e9seau social ou application, nous vous recommandons donc de les lire attentivement avant de nous fournir des donn\u00e9es via lesdits r\u00e9seaux sociaux ou applications.<\/p>\n<p>De plus, lors de la navigation sur notre site Web, nous pouvons traiter votre adresse IP, le syst\u00e8me d&#8217;exploitation ou le navigateur que vous utilisez, et m\u00eame la dur\u00e9e de votre visite, mais toujours de mani\u00e8re anonyme, afin d&#8217;effectuer des analyses et des am\u00e9liorations sur le site Web, ainsi que d&#8217;am\u00e9liorer notre strat\u00e9gie commerciale.<\/p>\n<p><br><\/p>\n<h2>Pourquoi traitons-nous vos donn\u00e9es personnelles ?<\/h2>\n<p>1- Envoyer des informations sur nos produits et services susceptibles de vous int\u00e9resser par courrier postal, par e-mail, sur la base de votre consentement ou de notre relation avec vous.<\/p>\n<p>2- R\u00e9pondre aux demandes d&#8217;informations demand\u00e9es<\/p>\n<p>3- Promouvoir et g\u00e9rer la relation de FORNELLS.immo avec vous<\/p>\n<p>4- R\u00e9alisation d&#8217;enqu\u00eates de satisfaction.<\/p>\n<p><br><\/p>\n<h2>Quand et pour quelle raison pouvons-nous fournir vos donn\u00e9es \u00e0 des tiers ?<\/h2>\n<p>Nous ne vendrons, louerons ou transf\u00e9rerons jamais vos donn\u00e9es personnelles, mais elles pourront \u00eatre fournies aux destinataires indiqu\u00e9s ci-dessous, pour les raisons expliqu\u00e9es ci-dessous :<\/p>\n<p>\u2013 Administrations Publiques : pour le respect des obligations l\u00e9gales auxquelles FORNELLS.immo est soumis du fait de son activit\u00e9.<\/p>\n<p>\u2013 Fournisseurs qui ont besoin d&#8217;acc\u00e9der \u00e0 vos donn\u00e9es pour la prestation de services que FORNELLS.immo a contract\u00e9 avec eux, et avec lesquels FORNELLS.immo a sign\u00e9 les contrats de confidentialit\u00e9 et de traitement des donn\u00e9es personnelles n\u00e9cessaires et requis par la r\u00e9glementation pour prot\u00e9ger leur vie priv\u00e9e.<\/p>\n<p>Si \u00e0 l&#8217;avenir FORNELLS.immo effectue d&#8217;autres transferts de donn\u00e9es personnelles, il vous en informera en temps utile et, si n\u00e9cessaire, il demandera votre consentement.<\/p>\n<p><br><\/p>\n<h2 style=\"text-transform: none; width: 1113.98px;\">Effectuons-nous des transferts de donn\u00e9es internationaux ?<\/h2>\n<p>Les fournisseurs auxquels nous faisons appel pour vous proposer nos services sont situ\u00e9s en Europe. Nous utilisons les services Google (Gmail, Google Drive) dont les serveurs sont distribu\u00e9s \u00e0 l&#8217;int\u00e9rieur et \u00e0 l&#8217;ext\u00e9rieur de l&#8217;UE, on consid\u00e8re donc que dans ce cas il y a transfert international de donn\u00e9es. Vous pouvez obtenir la politique de confidentialit\u00e9 de Google ici : HTTPS:\/\/POLICIES.GOOGLE.COM\/PRIVACY?HL=ES<br><br><\/p>\n<h2>Combien de temps conserverons-nous vos donn\u00e9es ?<\/h2>\n<p>Vos donn\u00e9es personnelles seront conserv\u00e9es aussi longtemps que votre relation avec FORNELLS.immo sera maintenue, et m\u00eame apr\u00e8s la rupture de ladite relation pour quelque raison que ce soit pendant les d\u00e9lais de prescription l\u00e9gale applicables, sauf indication contraire de votre part. Dans ce cas, elles seront trait\u00e9es aux fins de prouver le respect de nos obligations l\u00e9gales et\/ou contractuelles. Nous conserverons vos informations personnelles aussi longtemps que n\u00e9cessaire ou autoris\u00e9 compte tenu des finalit\u00e9s pour lesquelles elles ont \u00e9t\u00e9 obtenues. Les crit\u00e8res utilis\u00e9s pour d\u00e9terminer les p\u00e9riodes de conservation incluent nos obligations l\u00e9gales, nos besoins statistiques ou si la conservation est conseill\u00e9e ou non en fonction de notre situation juridique.<\/p>\n<p><br><\/p>\n<h2>Si vous avez moins de 18 ans<\/h2>\n<p>Si vous \u00eates mineur et utilisez l&#8217;un de nos sites Web, veuillez ne nous envoyer aucune information personnelle sur vous ou votre famille sans l&#8217;autorisation pr\u00e9alable de vos parents ou tuteurs. Si vous avez des questions, veuillez demander \u00e0 vos parents ou tuteurs de nous contacter \u00e0 : info@FORNELLS.immo<br><\/p>\n<p><br><\/p>\n<h2>Quels sont vos droits ?<\/h2>\n<p>Vous pouvez exercer vos droits d&#8217;acc\u00e8s, de rectification, de suppression et de portabilit\u00e9, de limitation et\/ou d&#8217;opposition au traitement, via l&#8217;adresse email info@fornells.immo. Cela signifie que vous avez le droit de :<\/p>\n<p>\u2013 \u00c0 savoir si nous traitons ou non vos donn\u00e9es.<\/p>\n<p>\u2013 Pour acc\u00e9der \u00e0 vos donn\u00e9es personnelles.<\/p>\n<p>\u2013 De demander la rectification de vos donn\u00e9es si elles sont inexactes.<\/p>\n<p>\u2013 De demander la suppression de vos donn\u00e9es si elles ne sont plus n\u00e9cessaires aux finalit\u00e9s pour lesquelles elles ont \u00e9t\u00e9 collect\u00e9es ou si vous retirez le consentement accord\u00e9.<\/p>\n<p>\u2013 De demander la limitation du traitement de vos donn\u00e9es, dans certains cas, auquel cas nous ne les conserverons que conform\u00e9ment \u00e0 la r\u00e9glementation en vigueur.<\/p>\n<p>\u2013 Pour vous envoyer les donn\u00e9es que nous stockons \u00e0 votre sujet chez FORNELLS.immo dans un format structur\u00e9, couramment utilis\u00e9 ou lisible par machine.<\/p>\n<p>\u2013 R\u00e9voquer \u00e0 tout moment votre consentement pour tout traitement auquel vous avez consenti.<\/p>\n<p>De m\u00eame, si vous consid\u00e9rez que le traitement de vos donn\u00e9es personnelles viole la r\u00e9glementation ou vos droits \u00e0 la vie priv\u00e9e, vous pouvez d\u00e9poser une r\u00e9clamation :<\/p>\n<p>Pour plus d&#8217;informations sur les garanties de votre vie priv\u00e9e, vous pouvez contacter FORNELLS.immo via info@fornells.immo<\/p>\n<p>Devant l&#8217;Agence espagnole de protection des donn\u00e9es, via son si\u00e8ge \u00e9lectronique ou son adresse postale.<\/p>\n<p><br><\/p>\t\t\t\t\t\t\t\t<\/div>\n\t\t\t\t<\/div>\n\t\t\t\t\t<\/div>\n\t\t<\/div>\n\t\t\t\t\t<\/div>\n\t\t<\/section>\n\t\t\t\t<\/div>\n\t\t","protected":false},"excerpt":{"rendered":"<p>Derni\u00e8re mise \u00e0 jour: 10\/07\/2024 Les donn\u00e9es personnelles sont certaines informations sur une personne physique qui permettent de l&#8217;identifier d&#8217;une mani\u00e8re ou d&#8217;une autre, de la localiser par un certain moyen ou de la contacter. Par exemple, le nom, l&#8217;identifiant, le num\u00e9ro de t\u00e9l\u00e9phone ou l&#8217;e-mail sont des donn\u00e9es personnelles. La loi impose \u00e0 ceux [&hellip;]<\/p>\n","protected":false},"author":1,"featured_media":0,"parent":0,"menu_order":0,"comment_status":"closed","ping_status":"closed","template":"","meta":{"footnotes":""},"class_list":["post-51327","page","type-page","status-publish","hentry"],"_links":{"self":[{"href":"https:\/\/fornells.immo\/fr\/wp-json\/wp\/v2\/pages\/51327","targetHints":{"allow":["GET"]}}],"collection":[{"href":"https:\/\/fornells.immo\/fr\/wp-json\/wp\/v2\/pages"}],"about":[{"href":"https:\/\/fornells.immo\/fr\/wp-json\/wp\/v2\/types\/page"}],"author":[{"embeddable":true,"href":"https:\/\/fornells.immo\/fr\/wp-json\/wp\/v2\/users\/1"}],"replies":[{"embeddable":true,"href":"https:\/\/fornells.immo\/fr\/wp-json\/wp\/v2\/comments?post=51327"}],"version-history":[{"count":9,"href":"https:\/\/fornells.immo\/fr\/wp-json\/wp\/v2\/pages\/51327\/revisions"}],"predecessor-version":[{"id":52593,"href":"https:\/\/fornells.immo\/fr\/wp-json\/wp\/v2\/pages\/51327\/revisions\/52593"}],"wp:attachment":[{"href":"https:\/\/fornells.immo\/fr\/wp-json\/wp\/v2\/media?parent=51327"}],"curies":[{"name":"wp","href":"https:\/\/api.w.org\/{rel}","templated":true}]}}