{"id":51339,"date":"2024-07-11T07:49:09","date_gmt":"2024-07-11T05:49:09","guid":{"rendered":"https:\/\/fornells.immo\/?page_id=51339"},"modified":"2024-08-09T18:17:37","modified_gmt":"2024-08-09T16:17:37","slug":"politique-de-cookies","status":"publish","type":"page","link":"https:\/\/fornells.immo\/fr\/politique-de-cookies\/","title":{"rendered":"Politique de Cookies"},"content":{"rendered":"\t\t<div data-elementor-type=\"wp-page\" data-elementor-id=\"51339\" class=\"elementor elementor-51339 elementor-50967\" data-elementor-post-type=\"page\">\n\t\t\t\t\t\t<section class=\"elementor-section elementor-top-section elementor-element elementor-element-6f46179 elementor-section-height-min-height elementor-section-boxed elementor-section-height-default elementor-section-items-middle\" data-id=\"6f46179\" data-element_type=\"section\">\n\t\t\t\t\t\t\t<div class=\"elementor-background-overlay\"><\/div>\n\t\t\t\t\t\t\t<div class=\"elementor-container elementor-column-gap-default\">\n\t\t\t\t\t<div class=\"elementor-column elementor-col-100 elementor-top-column elementor-element elementor-element-f7dd171\" data-id=\"f7dd171\" data-element_type=\"column\">\n\t\t\t<div class=\"elementor-widget-wrap elementor-element-populated\">\n\t\t\t\t\t\t\t<\/div>\n\t\t<\/div>\n\t\t\t\t\t<\/div>\n\t\t<\/section>\n\t\t\t\t<section class=\"elementor-section elementor-top-section elementor-element elementor-element-749a382 elementor-section-boxed elementor-section-height-default elementor-section-height-default\" data-id=\"749a382\" data-element_type=\"section\">\n\t\t\t\t\t\t<div class=\"elementor-container elementor-column-gap-default\">\n\t\t\t\t\t<div class=\"elementor-column elementor-col-100 elementor-top-column elementor-element elementor-element-da2279f\" data-id=\"da2279f\" data-element_type=\"column\">\n\t\t\t<div class=\"elementor-widget-wrap elementor-element-populated\">\n\t\t\t\t\t\t<div class=\"elementor-element elementor-element-d020e3a elementor-widget__width-initial elementor-widget elementor-widget-text-editor\" data-id=\"d020e3a\" data-element_type=\"widget\" data-widget_type=\"text-editor.default\">\n\t\t\t\t<div class=\"elementor-widget-container\">\n\t\t\t\t\t\t\t\t\t<h6><i style=\"font-size: 1rem; text-transform: inherit;\"><br><\/i><\/h6>\n<h6><i>Derni\u00e8re mise \u00e0 jour<\/i><i style=\"font-size: 1rem; text-transform: inherit;\">: 10\/07\/2024<br><\/i><\/h6>\n<p>Cette politique de cookies fait partie int\u00e9grante des mentions l\u00e9gales et de la politique de confidentialit\u00e9 de ce site Web. L&#8217;acc\u00e8s et la navigation sur le site, ou l&#8217;utilisation de ses services, impliquent l&#8217;acceptation des Conditions G\u00e9n\u00e9rales (et donc de la Politique de Confidentialit\u00e9 et Politique de Cookies). Veuillez les lire attentivement.<\/p>\n<p>Nous appr\u00e9cions que vous ayez d\u00e9cid\u00e9 de nous rendre visite. Nous souhaitons que votre exp\u00e9rience sur le site soit la meilleure possible, et c&#8217;est pour cette raison que nous avons r\u00e9dig\u00e9 cette politique de cookies de la mani\u00e8re la plus transparente possible.<\/p>\n<p><br><\/p>\n<p><\/p>\n<h2>Qu&#8217;est-ce qu&#8217;un cookie ?<\/h2>\n<div>&nbsp;<\/div>\n<p>Les cookies sont des fichiers contenant de petites quantit\u00e9s d&#8217;informations t\u00e9l\u00e9charg\u00e9es sur l&#8217;appareil de l&#8217;utilisateur utilis\u00e9 lorsque vous visitez un site Web. Son objectif principal est de reconna\u00eetre l&#8217;utilisateur \u00e0 chaque fois qu&#8217;il y acc\u00e8de et nous permet \u00e9galement d&#8217;am\u00e9liorer la qualit\u00e9 et la convivialit\u00e9 de notre site Internet.<\/p>\n<p><br><\/p>\n<p><font face=\"Work Sans\">Types de cookies<\/font><br><\/p>\n<p>Il existe diff\u00e9rents types de cookies. Ils fonctionnent tous de la m\u00eame mani\u00e8re, mais ils pr\u00e9sentent de petites diff\u00e9rences :<\/p>\n<p>a) <b>Cookies de session<\/b> : les cookies de session ne durent que pendant la dur\u00e9e de votre visite et sont supprim\u00e9s lorsque vous fermez le navigateur. Son objectif principal est d&#8217;identifier le type d&#8217;appareil, de prendre en charge la s\u00e9curit\u00e9 du site Web ou ses fonctionnalit\u00e9s de base. Ils ne contiennent pas d\u2019informations personnelles permettant d\u2019identifier une personne.<\/p>\n<p>b) <b>Cookies persistants ou permanents<\/b> : ils sont stock\u00e9s sur le disque dur de l&#8217;appareil et notre site Web les lit \u00e0 chaque fois que vous visitez \u00e0 nouveau le site Web ; Il a une date d&#8217;expiration ou d&#8217;expiration sp\u00e9cifique, apr\u00e8s laquelle le cookie cesse de fonctionner. Ils nous permettent d&#8217;identifier vos actions et pr\u00e9f\u00e9rences ; analyser les visites et nous aider \u00e0 comprendre comment les utilisateurs acc\u00e8dent \u00e0 notre page et \u00e0 am\u00e9liorer nos services.<\/p>\n<p>c) <b>Cookies de fonctionnalit\u00e9 <\/b>: Ils vous permettent de m\u00e9moriser les d\u00e9cisions prises par l&#8217;utilisateur, telles que votre identifiant ou votre identifiant. Les informations collect\u00e9es par ces cookies sont anonymis\u00e9es (c&#8217;est-\u00e0-dire qu&#8217;elles ne contiennent pas votre nom, votre adresse ou d&#8217;autres donn\u00e9es).<\/p>\n<p>d) <b>Cookies tiers <\/b>: Les cookies tiers sont des cookies install\u00e9s par un site Internet autre que celui que vous visitez ; par exemple, ceux utilis\u00e9s par les r\u00e9seaux sociaux (comme Facebook) ou par des compl\u00e9ments de contenus externes (comme Google Maps). De plus, certaines soci\u00e9t\u00e9s de publicit\u00e9 utilisent ce type de fichiers pour suivre vos visites sur chaque site sur lequel elles font de la publicit\u00e9.<\/p>\n<p>e) <b>Cookies analytiques<\/b> : ce sont des cookies dont le but est la maintenance p\u00e9riodique et la garantie du meilleur fonctionnement et service \u00e0 l&#8217;utilisateur ; collecter des donn\u00e9es sur votre activit\u00e9.<\/p>\n<p><br><\/p>\n<p><\/p>\n<h2>Utilisation des Cookies sur le portail web Fornells.immo<\/h2>\n<p><\/p>\n<div>\n<div>\n<div>En acc\u00e9dant au site Internet, vous acceptez express\u00e9ment que nous puissions utiliser ce type de cookies sur vos appareils. Si vous d\u00e9sactivez les cookies, votre navigation pourrait ne pas \u00eatre optimale et certains utilitaires disponibles pourraient ne pas fonctionner correctement.<\/div>\n<div><br><\/div>\n<div>Aucun cookie ne peut contacter votre num\u00e9ro de t\u00e9l\u00e9phone, votre adresse email ou tout autre moyen de contact, extraire des informations de votre disque dur ou voler des informations personnelles.<\/div>\n<\/div>\n<\/div>\n<div>&nbsp;<\/div>\n<p>1- <b>Google Analytics:&nbsp;<\/b>_ga | _gat | _gid | Autres cookies possibles \u00e0 charger par le service de suivi des visites<\/p>\n<p><br><\/p>\n<p><\/p>\n<p><b>Type: <\/b>Analytique&nbsp;\/ Tiers<\/p>\n<p><\/p>\n<p><b>Temporalit\u00e9:<\/b> Permanent | Temporaire<\/p>\n<p><b>Finalit\u00e9:&nbsp;<\/b>G\u00e9n\u00e9rez un identifiant d&#8217;utilisateur unique, qui est utilis\u00e9 pour compter le nombre de fois qu&#8217;un utilisateur visite le site, ainsi que la date de la premi\u00e8re et de la derni\u00e8re fois qu&#8217;il a visit\u00e9 le site Web. Enregistrer la date et l&#8217;heure d&#8217;acc\u00e8s \u00e0 l&#8217;une des pages du Site. V\u00e9rifiez la n\u00e9cessit\u00e9 de garder la session d&#8217;un utilisateur ouverte ou d&#8217;en cr\u00e9er une nouvelle. Identifiez la session de l&#8217;utilisateur, pour collecter la localisation g\u00e9ographique approximative de l&#8217;ordinateur qui acc\u00e8de au Site \u00e0 des fins statistiques.<\/p>\n<p><\/p>\n<p>2-&nbsp;&nbsp;<b>Avis sur les Cookies:&nbsp;<\/b>cb-enabled2<\/p>\n<p><span style=\"font-weight: 700;\">Type: <\/span>&nbsp;Technique \/ Propre<\/p>\n<p><\/p>\n<p><span style=\"font-weight: 700;\">Temporalit\u00e9:<\/span>&nbsp;Temporaire&nbsp;<\/p>\n<p><span style=\"font-weight: 700;\">Finalit\u00e9:&nbsp;<\/span>Contr\u00f4le de l&#8217;apparence et acceptation de la notice cookie.<\/p>\n<p><br><\/p>\n<p>3- <b>Cookies de Session<\/b><span style=\"font-weight: 700;\">:&nbsp;<\/span>SESSXXXXXX<\/p>\n<p><span style=\"font-weight: 700;\">Type:&nbsp;<\/span>&nbsp;Technique \/ Propre<\/p>\n<p><\/p>\n<p><span style=\"font-weight: 700;\">Temporalit\u00e9:<\/span>&nbsp;Temporaire&nbsp;<\/p>\n<p><span style=\"font-weight: 700;\">Finalit\u00e9:&nbsp;<\/span>Stocker un identifiant de session unique pour le bon fonctionnement du portail. Le \u00ab X \u00bb repr\u00e9sente des valeurs al\u00e9atoires.<\/p>\n<p><\/p>\n<h2 style=\"width: 1120px;\"><br><\/h2>\n<div>\n<p>4- <span style=\"font-weight: 700;\">Youtube, Instagram, Twitter<\/span><\/p>\n<p><span style=\"font-weight: 700;\">Type:&nbsp;<\/span>&nbsp;Sociale \/ Tiers<\/p>\n<p><\/p>\n<p><span style=\"font-weight: 700;\">Temporalit\u00e9:<\/span>&nbsp;Temporaire&nbsp;<\/p>\n<p><span style=\"font-weight: 700;\">Finalit\u00e9:&nbsp;<\/span>Cookies pour l&#8217;int\u00e9gration des r\u00e9seaux sociaux sur le site internet<\/p>\n<p><br><\/p>\n<\/div>\n<p><font face=\"Work Sans\">Comment modifier le param\u00e9trage des Cookies ?<\/font><br><\/p>\n<p>Vous pouvez restreindre, bloquer ou supprimer les cookies de LA LIGA ou de tout autre site Web, en utilisant votre navigateur. Dans chaque navigateur le fonctionnement est diff\u00e9rent, la fonction &#8216;Aide&#8217; vous montrera comment proc\u00e9der.<\/p><p>Internet Explorer : windows.microsoft.com\/es-xl\/internet-explorer\/delete-manage-cookies#ie=\u00bbie-10\u2033<\/p><p>Microsoft Edge : support.microsoft.com\/es-es\/help\/4468242\/microsoft-edge-browsing-data-and-privacy-microsoft-privacy<\/p><p>FireFox : support.mozilla.org\/es\/kb\/Delete%20cookies<\/p><p>Chrome : support.google.com\/chrome\/answer\/95647?hl=\u00bbfr\u00bb<\/p><p>Safari : www.apple.com\/es\/privacy\/use-of-cookies\/<\/p>\t\t\t\t\t\t\t\t<\/div>\n\t\t\t\t<\/div>\n\t\t\t\t\t<\/div>\n\t\t<\/div>\n\t\t\t\t\t<\/div>\n\t\t<\/section>\n\t\t\t\t<\/div>\n\t\t","protected":false},"excerpt":{"rendered":"<p>Derni\u00e8re mise \u00e0 jour: 10\/07\/2024 Cette politique de cookies fait partie int\u00e9grante des mentions l\u00e9gales et de la politique de confidentialit\u00e9 de ce site Web. L&#8217;acc\u00e8s et la navigation sur le site, ou l&#8217;utilisation de ses services, impliquent l&#8217;acceptation des Conditions G\u00e9n\u00e9rales (et donc de la Politique de Confidentialit\u00e9 et Politique de Cookies). Veuillez les [&hellip;]<\/p>\n","protected":false},"author":1,"featured_media":0,"parent":0,"menu_order":0,"comment_status":"closed","ping_status":"closed","template":"","meta":{"footnotes":""},"class_list":["post-51339","page","type-page","status-publish","hentry"],"_links":{"self":[{"href":"https:\/\/fornells.immo\/fr\/wp-json\/wp\/v2\/pages\/51339","targetHints":{"allow":["GET"]}}],"collection":[{"href":"https:\/\/fornells.immo\/fr\/wp-json\/wp\/v2\/pages"}],"about":[{"href":"https:\/\/fornells.immo\/fr\/wp-json\/wp\/v2\/types\/page"}],"author":[{"embeddable":true,"href":"https:\/\/fornells.immo\/fr\/wp-json\/wp\/v2\/users\/1"}],"replies":[{"embeddable":true,"href":"https:\/\/fornells.immo\/fr\/wp-json\/wp\/v2\/comments?post=51339"}],"version-history":[{"count":9,"href":"https:\/\/fornells.immo\/fr\/wp-json\/wp\/v2\/pages\/51339\/revisions"}],"predecessor-version":[{"id":52596,"href":"https:\/\/fornells.immo\/fr\/wp-json\/wp\/v2\/pages\/51339\/revisions\/52596"}],"wp:attachment":[{"href":"https:\/\/fornells.immo\/fr\/wp-json\/wp\/v2\/media?parent=51339"}],"curies":[{"name":"wp","href":"https:\/\/api.w.org\/{rel}","templated":true}]}}