{"id":51687,"date":"2024-06-01T08:08:26","date_gmt":"2024-06-01T06:08:26","guid":{"rendered":"https:\/\/fornells.immo\/?page_id=51687"},"modified":"2024-11-21T11:47:37","modified_gmt":"2024-11-21T10:47:37","slug":"acheter-une-maison-a-minorque","status":"publish","type":"page","link":"https:\/\/fornells.immo\/fr\/propietes-a-vendre-a-minorque\/acheter-une-maison-a-minorque\/","title":{"rendered":"Acheter une maison \u00e0 Minorque"},"content":{"rendered":"\t\t<div data-elementor-type=\"wp-page\" data-elementor-id=\"51687\" class=\"elementor elementor-51687 elementor-50244\" data-elementor-post-type=\"page\">\n\t\t\t\t\t\t<section class=\"elementor-section elementor-top-section elementor-element elementor-element-642fff7e elementor-section-height-min-height elementor-section-content-middle elementor-section-boxed elementor-section-height-default elementor-section-items-middle\" data-id=\"642fff7e\" data-element_type=\"section\" id=\"titulo\">\n\t\t\t\t\t\t\t<div class=\"elementor-background-overlay\"><\/div>\n\t\t\t\t\t\t\t<div class=\"elementor-container elementor-column-gap-default\">\n\t\t\t\t\t<div class=\"elementor-column elementor-col-100 elementor-top-column elementor-element elementor-element-54ef387d\" data-id=\"54ef387d\" data-element_type=\"column\">\n\t\t\t<div class=\"elementor-widget-wrap elementor-element-populated\">\n\t\t\t\t\t\t\t<\/div>\n\t\t<\/div>\n\t\t\t\t\t<\/div>\n\t\t<\/section>\n\t\t\t\t<section class=\"elementor-section elementor-inner-section elementor-element elementor-element-9c19764 animated-slow elementor-section-boxed elementor-section-height-default elementor-section-height-default\" data-id=\"9c19764\" data-element_type=\"section\" data-settings=\"{&quot;background_background&quot;:&quot;classic&quot;,&quot;animation&quot;:&quot;none&quot;}\">\n\t\t\t\t\t\t\t<div class=\"elementor-background-overlay\"><\/div>\n\t\t\t\t\t\t\t<div class=\"elementor-container elementor-column-gap-no\">\n\t\t\t\t\t<div class=\"elementor-column elementor-col-50 elementor-inner-column elementor-element elementor-element-32838b4\" data-id=\"32838b4\" data-element_type=\"column\" data-settings=\"{&quot;background_background&quot;:&quot;classic&quot;}\">\n\t\t\t<div class=\"elementor-widget-wrap elementor-element-populated\">\n\t\t\t\t\t\t<div class=\"elementor-element elementor-element-e116d99 elementor-widget elementor-widget-image\" data-id=\"e116d99\" data-element_type=\"widget\" data-widget_type=\"image.default\">\n\t\t\t\t<div class=\"elementor-widget-container\">\n\t\t\t\t\t\t\t\t\t\t\t\t\t\t\t<img fetchpriority=\"high\" decoding=\"async\" width=\"600\" height=\"103\" src=\"https:\/\/fornells.immo\/wp-content\/uploads\/2024\/06\/tejadop.png\" class=\"attachment-large size-large wp-image-50866\" alt=\"\" srcset=\"https:\/\/fornells.immo\/wp-content\/uploads\/2024\/06\/tejadop.png 600w, https:\/\/fornells.immo\/wp-content\/uploads\/2024\/06\/tejadop-300x52.png 300w, https:\/\/fornells.immo\/wp-content\/uploads\/2024\/06\/tejadop-592x103.png 592w, https:\/\/fornells.immo\/wp-content\/uploads\/2024\/06\/tejadop-496x85.png 496w\" sizes=\"(max-width: 600px) 100vw, 600px\" \/>\t\t\t\t\t\t\t\t\t\t\t\t\t\t\t<\/div>\n\t\t\t\t<\/div>\n\t\t\t\t<div class=\"elementor-element elementor-element-a36a09b elementor-widget__width-inherit tick elementor-widget elementor-widget-text-editor\" data-id=\"a36a09b\" data-element_type=\"widget\" data-widget_type=\"text-editor.default\">\n\t\t\t\t<div class=\"elementor-widget-container\">\n\t\t\t\t\t\t\t\t\t<ol><li>Nous trouvons votre maison \u00e0 Minorque pour en profiter pendant vos vacances.<\/li><li>\u00c9galement une propri\u00e9t\u00e9 \u00e0 Minorque pour la rentabiliser imm\u00e9diatement gr\u00e2ce \u00e0 la location de vacances.<\/li><li>Ou un investissement \u00e0 Minorque avec un rendement \u00e0 plus long terme.<\/li><\/ol>\t\t\t\t\t\t\t\t<\/div>\n\t\t\t\t<\/div>\n\t\t\t\t<div class=\"elementor-element elementor-element-30b8e7d elementor-widget-divider--separator-type-pattern elementor-widget-divider--view-line elementor-widget elementor-widget-divider\" data-id=\"30b8e7d\" data-element_type=\"widget\" data-widget_type=\"divider.default\">\n\t\t\t\t<div class=\"elementor-widget-container\">\n\t\t\t\t\t\t\t<div class=\"elementor-divider\" style=\"--divider-pattern-url: url(&quot;data:image\/svg+xml,%3Csvg xmlns=&#039;http:\/\/www.w3.org\/2000\/svg&#039; preserveAspectRatio=&#039;none&#039; overflow=&#039;visible&#039; height=&#039;100%&#039; viewBox=&#039;0 0 24 24&#039; fill=&#039;none&#039; stroke=&#039;black&#039; stroke-width=&#039;1.5&#039; stroke-linecap=&#039;square&#039; stroke-miterlimit=&#039;10&#039;%3E%3Cpolyline points=&#039;0,18 12,6 24,18 &#039;\/%3E%3C\/svg%3E&quot;);\">\n\t\t\t<span class=\"elementor-divider-separator\">\n\t\t\t\t\t\t<\/span>\n\t\t<\/div>\n\t\t\t\t\t\t<\/div>\n\t\t\t\t<\/div>\n\t\t\t\t<div class=\"elementor-element elementor-element-34fc419 elementor-widget elementor-widget-image-carousel\" data-id=\"34fc419\" data-element_type=\"widget\" data-settings=\"{&quot;slides_to_show&quot;:&quot;1&quot;,&quot;navigation&quot;:&quot;none&quot;,&quot;autoplay&quot;:&quot;yes&quot;,&quot;pause_on_hover&quot;:&quot;yes&quot;,&quot;pause_on_interaction&quot;:&quot;yes&quot;,&quot;autoplay_speed&quot;:5000,&quot;infinite&quot;:&quot;yes&quot;,&quot;effect&quot;:&quot;slide&quot;,&quot;speed&quot;:500}\" data-widget_type=\"image-carousel.default\">\n\t\t\t\t<div class=\"elementor-widget-container\">\n\t\t\t\t\t\t\t<div class=\"elementor-image-carousel-wrapper swiper\" role=\"region\" aria-roledescription=\"carousel\" aria-label=\"Carrousel d\u2019images\" dir=\"ltr\">\n\t\t\t<div class=\"elementor-image-carousel swiper-wrapper\" aria-live=\"off\">\n\t\t\t\t\t\t\t\t<div class=\"swiper-slide\" role=\"group\" aria-roledescription=\"slide\" aria-label=\"1 sur 3\"><figure class=\"swiper-slide-inner\"><img decoding=\"async\" class=\"swiper-slide-image\" src=\"https:\/\/fornells.immo\/wp-content\/uploads\/2023\/02\/IMG_20230216_171104-1-768x576.jpg\" alt=\"IMG_20230216_171104 (1)\" \/><\/figure><\/div><div class=\"swiper-slide\" role=\"group\" aria-roledescription=\"slide\" aria-label=\"2 sur 3\"><figure class=\"swiper-slide-inner\"><img decoding=\"async\" class=\"swiper-slide-image\" src=\"https:\/\/fornells.immo\/wp-content\/uploads\/2023\/02\/IMG_20230216_162818-768x576.jpg\" alt=\"IMG_20230216_162818\" \/><\/figure><\/div><div class=\"swiper-slide\" role=\"group\" aria-roledescription=\"slide\" aria-label=\"3 sur 3\"><figure class=\"swiper-slide-inner\"><img decoding=\"async\" class=\"swiper-slide-image\" src=\"https:\/\/fornells.immo\/wp-content\/uploads\/2023\/02\/IMG_20230216_163421-1-1-768x494.jpg\" alt=\"IMG_20230216_163421 (1) (1)\" \/><\/figure><\/div>\t\t\t<\/div>\n\t\t\t\t\t\t\t\n\t\t\t\t\t\t\t\t\t<\/div>\n\t\t\t\t\t\t<\/div>\n\t\t\t\t<\/div>\n\t\t\t\t\t<\/div>\n\t\t<\/div>\n\t\t\t\t<div class=\"elementor-column elementor-col-50 elementor-inner-column elementor-element elementor-element-cf96ab8\" data-id=\"cf96ab8\" data-element_type=\"column\" data-settings=\"{&quot;background_background&quot;:&quot;classic&quot;}\">\n\t\t\t<div class=\"elementor-widget-wrap elementor-element-populated\">\n\t\t\t\t\t\t<div class=\"elementor-element elementor-element-4373c3c elementor-widget__width-inherit elementor-widget elementor-widget-text-editor\" data-id=\"4373c3c\" data-element_type=\"widget\" data-widget_type=\"text-editor.default\">\n\t\t\t\t<div class=\"elementor-widget-container\">\n\t\t\t\t\t\t\t\t\t<p>Faites-nous confiance en nous laissant des informations sur le type de propri\u00e9t\u00e9 que vous recherchez \u00e0 Minorque et vous recevrez bient\u00f4t dans votre courrier \u00e9lectronique des informations sur les meilleures options que le march\u00e9 vous propose. Et bien s\u00fbr, sans aucun engagement de votre part.<\/p><p><b>\u00a0<\/b><\/p>\t\t\t\t\t\t\t\t<\/div>\n\t\t\t\t<\/div>\n\t\t\t\t<div class=\"elementor-element elementor-element-a01be1c elementor-widget__width-inherit elementor-button-align-stretch elementor-widget elementor-widget-houzez_elementor_inquiry_form\" data-id=\"a01be1c\" data-element_type=\"widget\" data-widget_type=\"houzez_elementor_inquiry_form.default\">\n\t\t\t\t<div class=\"elementor-widget-container\">\n\t\t\t\t\t\n        <script type=\"application\/javascript\">\n            jQuery(document).bind(\"ready\", function () {\n                houzezValidateElementor(\"#houzez-form-a01be1c\" );\n            });\n        <\/script>\n\n\n        <form class=\"elementor-form houzez-ele-form-js\" id=\"houzez-form-a01be1c\" method=\"post\" name=\"New Form\" action=\"https:\/\/fornells.immo\/wp-admin\/admin-ajax.php\">\n            <input type=\"hidden\" name=\"form_id\" value=\"a01be1c\"\/>\n            <input type=\"hidden\" name=\"action\" value=\"houzez_ele_inquiry_form\" \/>\n            <input type=\"hidden\" name=\"source_link\" value=\"https:\/\/fornells.immo\/fr\/propietes-a-vendre-a-minorque\/acheter-une-maison-a-minorque\/\" \/>\n            <input type=\"hidden\" name=\"lead_page_id\" value=\"51687\" \/>\n            <input type=\"hidden\" name=\"is_estimation\" value=\"yes\" \/>\n            <input type=\"hidden\" name=\"webhook\" value=\"false\" \/>\n            <input type=\"hidden\" name=\"webhook_url\" value=\"\" \/>\n            <input type=\"hidden\" name=\"redirect_to\" value=\"https:\/\/fornells.immo\/fr\/propietes-a-vendre-a-minorque\/\" \/>\n            <input type=\"hidden\" name=\"google_recaptcha\" value=\"yes\" \/>\n\n            <div class=\"elementor-form-fields-wrapper elementor-labels-above\">\n\n                                    <div class=\"elementor-field-group elementor-column form-group elementor-field-group-cc6b92f elementor-col-50 elementor-field-required elementor-mark-required\">\n                    <label for=\"form-field-cc6b92f\" class=\"elementor-field-label\">Nom<\/label><input type=\"text\" name=\"first_name\" id=\"form-field-cc6b92f\" class=\"elementor-field form-control elementor-size-xs elementor-field-textual\" title=\"* Nom\" required=\"required\">                    <\/div>\n\n                                        <div class=\"elementor-field-group elementor-column form-group elementor-field-group-3cc124e elementor-col-50 elementor-field-required elementor-mark-required\">\n                    <label for=\"form-field-3cc124e\" class=\"elementor-field-label\">Pr\u00e9nom<\/label><input type=\"text\" name=\"last_name\" id=\"form-field-3cc124e\" class=\"elementor-field form-control elementor-size-xs elementor-field-textual\" title=\"* Pr\u00e9nom\" required=\"required\">                    <\/div>\n\n                                        <div class=\"elementor-field-group elementor-column form-group elementor-field-group-932d82c elementor-col-50 elementor-field-required elementor-mark-required\">\n                    <label for=\"form-field-932d82c\" class=\"elementor-field-label\">Email<\/label><input type=\"email\" name=\"email\" id=\"form-field-932d82c\" class=\"elementor-field form-control elementor-size-xs elementor-field-textual\" title=\"* Email\" required=\"required\">                    <\/div>\n\n                                        <div class=\"elementor-field-group elementor-column form-group elementor-field-group-304b68f elementor-col-50 elementor-field-required elementor-mark-required\">\n                    <label for=\"form-field-304b68f\" class=\"elementor-field-label\">Mobile<\/label><input type=\"text\" name=\"mobile\" id=\"form-field-304b68f\" class=\"elementor-field form-control elementor-size-xs elementor-field-textual\" title=\"* Mobile\" required=\"required\">                    <\/div>\n\n                                        <div class=\"elementor-field-group elementor-column form-group elementor-field-group-3180222 elementor-col-33 elementor-field-required elementor-mark-required\">\n                    <label for=\"form-field-3180222\" class=\"elementor-field-label\">Type de propri\u00e9t\u00e9<\/label>        <div class=\"elementor-field elementor-select-wrapper\">\n            <select name=\"e_meta[property_type]\" id=\"form-field-3180222\" class=\"elementor-field-textual form-control elementor-size-xs\" required=\"required\" title=\"* Type de propri\u00e9t\u00e9\">\n                <option value=\"appartement\"> Appartement<\/option><option value=\"business-fr\"> Business<\/option><option value=\"maison\"> Maison<\/option><option value=\"maison-de-campagne\"> Maison de campagne<\/option><option value=\"terrain\"> Terrain<\/option><option value=\"villa-fr\"> Villa<\/option>            <\/select>\n        <\/div>\n                            <\/div>\n\n                                        <div class=\"elementor-field-group elementor-column form-group elementor-field-group-c549d17 elementor-col-33 elementor-field-required elementor-mark-required\">\n                    <label for=\"form-field-c549d17\" class=\"elementor-field-label\">Prix max.<\/label><input type=\"number\" name=\"e_meta[max-price]\" id=\"form-field-c549d17\" class=\"elementor-field form-control elementor-size-xs elementor-field-textual\" title=\"* Prix max.\" required=\"required\" min=\"0\">                    <\/div>\n\n                                        <div class=\"elementor-field-group elementor-column form-group elementor-field-group-e08cbcb elementor-col-33 elementor-field-required elementor-mark-required\">\n                    <label for=\"form-field-e08cbcb\" class=\"elementor-field-label\">Surface  (m2)<\/label><input type=\"number\" name=\"e_meta[area-size]\" id=\"form-field-e08cbcb\" class=\"elementor-field form-control elementor-size-xs elementor-field-textual\" title=\"* Surface  (m2)\" required=\"required\" min=\"0\">                    <\/div>\n\n                                        <div class=\"elementor-field-group elementor-column form-group elementor-field-group-95c61a9 elementor-col-100\">\n                    <label for=\"form-field-95c61a9\" class=\"elementor-field-label\">Commentaire<\/label><textarea class=\"elementor-field-textual elementor-field elementor-size-xs\" name=\"message\" id=\"form-field-95c61a9\" rows=\"4\"><\/textarea>                    <\/div>\n\n                    \n                    \n                                        <div class=\"houzez-gdpr-agreement elementor-field-group elementor-col-100\">\n                        <label for=\"gdpr_agreement\" class=\"elementor-field-label\"><\/label>\n                        <div class=\"gdpr-agreement-subgroup\">\n                            <span class=\"gdpr-field-option\">\n                                <label class=\"gdpr-text\" for=\"gdpr_agreement\">\n                                    <input required type=\"checkbox\" title=\"* \" name=\"gdpr_agreement\" id=\"gdpr_agreement\">  J'accepte <a href=\"mentions-legales\">Mentions L\u00e9gales <\/a>et la <a href=\"politique-de-confidentialite\">Politique de Confidentialit\u00e9<\/a> de FORNELLS.immo\n\n                                <\/label>\n                            <\/span>\n                        <\/div>             \n                    <\/div>\n                    \n                                        <div class=\"\">\n                        <div class=\"form-group captcha_wrapper houzez-grecaptcha-v3\">\n    <div class=\"houzez_google_reCaptcha\"><\/div>\n<\/div>\n                    <\/div>\n                    \n                    <div class=\"elementor-field-group elementor-column elementor-field-type-submit elementor-col-100\">\n                    <button type=\"submit\" class=\"houzez-submit-button houzez-contact-form-js elementor-button elementor-size-md\">\n                        <i class=\"btn-loader houzez-loader-js\"><\/i>\n                                                    ENVIAR                                            <\/button>\n                <\/div>\n            <\/div><!-- End wrapper-->\n            <br\/>\n            <div class=\"ele-form-messages\"><\/div>\n            <div class=\"error-container\"><\/div>\n\n        <\/form>\n\n    \t\t\t\t<\/div>\n\t\t\t\t<\/div>\n\t\t\t\t<div class=\"elementor-element elementor-element-9a5fe16 elementor-widget__width-inherit elementor-widget elementor-widget-text-editor\" data-id=\"9a5fe16\" data-element_type=\"widget\" data-widget_type=\"text-editor.default\">\n\t\t\t\t<div class=\"elementor-widget-container\">\n\t\t\t\t\t\t\t\t\t<p><span style=\"font-size: 17px;\">FORNELLS.immo vous informe que les donn\u00e9es personnelles que vous nous fournissez en remplissant ce formulaire seront trait\u00e9es par l&#8217;agent immobilier Francisco S\u00e1nchez Larrosa, en tant que responsable de ce site Web.<br><\/span><span style=\"background-color: var( --e-global-color-e45e241 ); color: var( --e-global-color-text ); font-size: 17px;\"><br><br>La collecte et le traitement de ces donn\u00e9es personnelles ont pour finalit\u00e9 de vous proposer les services de FORNELLS.immo<br><br><\/span><span style=\"background-color: var( --e-global-color-e45e241 ); color: var( --e-global-color-text ); font-size: 17px;\"><br>L\u00e9gitimation : en cochant la case vous donnez votre consentement l\u00e9gitime au traitement de vos donn\u00e9es conform\u00e9ment aux finalit\u00e9s de ce formulaire d\u00e9crites dans la politique de confidentialit\u00e9.<br><\/span><span style=\"background-color: var( --e-global-color-e45e241 ); color: var( --e-global-color-text ); font-size: 17px;\"><br><\/span><span style=\"background-color: var( --e-global-color-e45e241 ); color: var( --e-global-color-text ); font-size: 17px;\"><br>Vous pouvez exercer vos droits d&#8217;acc\u00e8s, de rectification, de limitation et de suppression des donn\u00e9es \u00e0 info@fornells.immo.<br><br><\/span><span style=\"background-color: var( --e-global-color-e45e241 ); color: var( --e-global-color-text ); font-size: 17px;\"><br>Vous pouvez consulter des informations compl\u00e9mentaires et d\u00e9taill\u00e9es sur notre politique de protection des donn\u00e9es dans notre <a href=\"https:\/\/fornells.immo\/fr\/politique-de-confidentialite\/\/\">Politique de Confidencialit\u00e9<\/a>.<\/span><\/p>\t\t\t\t\t\t\t\t<\/div>\n\t\t\t\t<\/div>\n\t\t\t\t\t<\/div>\n\t\t<\/div>\n\t\t\t\t\t<\/div>\n\t\t<\/section>\n\t\t\t\t<\/div>\n\t\t","protected":false},"excerpt":{"rendered":"<p>Nous trouvons votre maison \u00e0 Minorque pour en profiter pendant vos vacances. \u00c9galement une propri\u00e9t\u00e9 \u00e0 Minorque pour la rentabiliser imm\u00e9diatement gr\u00e2ce \u00e0 la location de vacances. Ou un investissement \u00e0 Minorque avec un rendement \u00e0 plus long terme. Faites-nous confiance en nous laissant des informations sur le type de propri\u00e9t\u00e9 que vous recherchez \u00e0 [&hellip;]<\/p>\n","protected":false},"author":1,"featured_media":0,"parent":49908,"menu_order":0,"comment_status":"closed","ping_status":"closed","template":"","meta":{"footnotes":""},"class_list":["post-51687","page","type-page","status-publish","hentry"],"_links":{"self":[{"href":"https:\/\/fornells.immo\/fr\/wp-json\/wp\/v2\/pages\/51687","targetHints":{"allow":["GET"]}}],"collection":[{"href":"https:\/\/fornells.immo\/fr\/wp-json\/wp\/v2\/pages"}],"about":[{"href":"https:\/\/fornells.immo\/fr\/wp-json\/wp\/v2\/types\/page"}],"author":[{"embeddable":true,"href":"https:\/\/fornells.immo\/fr\/wp-json\/wp\/v2\/users\/1"}],"replies":[{"embeddable":true,"href":"https:\/\/fornells.immo\/fr\/wp-json\/wp\/v2\/comments?post=51687"}],"version-history":[{"count":78,"href":"https:\/\/fornells.immo\/fr\/wp-json\/wp\/v2\/pages\/51687\/revisions"}],"predecessor-version":[{"id":54678,"href":"https:\/\/fornells.immo\/fr\/wp-json\/wp\/v2\/pages\/51687\/revisions\/54678"}],"up":[{"embeddable":true,"href":"https:\/\/fornells.immo\/fr\/wp-json\/wp\/v2\/pages\/49908"}],"wp:attachment":[{"href":"https:\/\/fornells.immo\/fr\/wp-json\/wp\/v2\/media?parent=51687"}],"curies":[{"name":"wp","href":"https:\/\/api.w.org\/{rel}","templated":true}]}}